{"id":71638,"date":"2024-03-22T23:02:28","date_gmt":"2024-03-22T22:02:28","guid":{"rendered":"https:\/\/abinox-chr-clim.com\/index.php\/product\/petits-sacs-poubelle-noirs-jantex-25l-x500-lot-de-500\/"},"modified":"2026-04-13T06:28:31","modified_gmt":"2026-04-13T04:28:31","slug":"petits-sacs-poubelle-noirs-jantex-25l-x500-lot-de-500","status":"publish","type":"product","link":"https:\/\/abinox-chr-clim.com\/index.php\/product\/petits-sacs-poubelle-noirs-jantex-25l-x500-lot-de-500\/","title":{"rendered":"Petits sacs poubelle noirs Jantex 25L x500 (Lot de 500)"},"content":{"rendered":"<p>GF278 &#8211; Capacit\u00e9 32L. Usage standard &#8211; 5kg. 380 x 610 x 610mm.GE789 et GK688 &#8211; Capacit\u00e9 80L. Usage standard &#8211; 10kg. 460 x 740 x 860mm.GK687 &#8211; Capacit\u00e9 80L. Tr\u00e8s r\u00e9sistants. 15kg. 965 x 737(ouvert) ou 457mm.<br \/>. Largeur pli\u00e9 : 381mm. Largeur ouvert : 610mm. Longueur : 610mm.Ces sacs poubelle en polyth\u00e8ne peuvent \u00eatre recycl\u00e9s. V\u00e9rifiez d&rsquo;abord aupr\u00e8s de votre service de gestion des d\u00e9chets avant de les envoyer pour recyclage. .<\/p>\n<p>Caract\u00e9ristiques :<br \/>Lot : 500.<br \/> Capacit\u00e9 : 25L.<br \/> Dimensions : 381(l pli\u00e9) x 610(l ouvert) x 610(L)mm.<br \/> Mati\u00e8re : Fabriqu\u00e9 \u00e0 partir de poly\u00e9thyl\u00e8ne 100% recycl\u00e9.<br \/> Couleur : Noir.<\/p>\n","protected":false},"excerpt":{"rendered":"<p>Petits sacs poubelle noirs Jantex 25L x500 (Lot de 500)<\/p>\n","protected":false},"featured_media":82046,"comment_status":"closed","ping_status":"closed","template":"","meta":[],"product_brand":[],"product_cat":[1217,1297,1221,1216],"product_tag":[],"class_list":{"0":"post-71638","1":"product","2":"type-product","3":"status-publish","4":"has-post-thumbnail","6":"product_cat-collecte-des-dechets","7":"product_cat-non-palettisable","8":"product_cat-sacs-poubelle","9":"product_cat-usage-unique-et-entretien","10":"product_shipping_class-free-shipping","12":"first","13":"outofstock","14":"featured","15":"taxable","16":"shipping-taxable","17":"purchasable","18":"product-type-simple"},"_links":{"self":[{"href":"https:\/\/abinox-chr-clim.com\/index.php\/wp-json\/wp\/v2\/product\/71638","targetHints":{"allow":["GET"]}}],"collection":[{"href":"https:\/\/abinox-chr-clim.com\/index.php\/wp-json\/wp\/v2\/product"}],"about":[{"href":"https:\/\/abinox-chr-clim.com\/index.php\/wp-json\/wp\/v2\/types\/product"}],"replies":[{"embeddable":true,"href":"https:\/\/abinox-chr-clim.com\/index.php\/wp-json\/wp\/v2\/comments?post=71638"}],"wp:featuredmedia":[{"embeddable":true,"href":"https:\/\/abinox-chr-clim.com\/index.php\/wp-json\/wp\/v2\/media\/82046"}],"wp:attachment":[{"href":"https:\/\/abinox-chr-clim.com\/index.php\/wp-json\/wp\/v2\/media?parent=71638"}],"wp:term":[{"taxonomy":"product_brand","embeddable":true,"href":"https:\/\/abinox-chr-clim.com\/index.php\/wp-json\/wp\/v2\/product_brand?post=71638"},{"taxonomy":"product_cat","embeddable":true,"href":"https:\/\/abinox-chr-clim.com\/index.php\/wp-json\/wp\/v2\/product_cat?post=71638"},{"taxonomy":"product_tag","embeddable":true,"href":"https:\/\/abinox-chr-clim.com\/index.php\/wp-json\/wp\/v2\/product_tag?post=71638"}],"curies":[{"name":"wp","href":"https:\/\/api.w.org\/{rel}","templated":true}]}}