{"id":71636,"date":"2024-03-22T23:02:27","date_gmt":"2024-03-22T22:02:27","guid":{"rendered":"https:\/\/abinox-chr-clim.com\/index.php\/product\/sacs-poubelle-compostables-vegware-biobag-80l-lot-de-240\/"},"modified":"2026-04-13T07:33:04","modified_gmt":"2026-04-13T05:33:04","slug":"sacs-poubelle-compostables-vegware-biobag-80l-lot-de-240","status":"publish","type":"product","link":"https:\/\/abinox-chr-clim.com\/index.php\/product\/sacs-poubelle-compostables-vegware-biobag-80l-lot-de-240\/","title":{"rendered":"Sacs poubelle compostables Vegware Biobag 80L (lot de 240)"},"content":{"rendered":"<p>12 rouleaux de 20 sacs poubelle biod\u00e9gradables.<br \/>Convient pour la collecte de d\u00e9chets alimentaires, d\u00e9chets organiques et produits jetables compostables. Le Mater-Bi est une alternative v\u00e9g\u00e9tale renouvelable au plastique standard. Compostable en 12 semaines dans les sites de compostage industriels. Certifi\u00e9 compostable selon la norme BS EN 13432. Vous permet de respecter compl\u00e8tement le circuit de traitement de vos d\u00e9chets. Le film respirant garde les d\u00e9chets alimentaires au frais et au sec pour r\u00e9duire les odeurs. Devient transparent lorsqu&rsquo;il est mouill\u00e9. Pour l&rsquo;\u00e9limination via un flux de d\u00e9chets de compostage.Convient pour la collecte de d\u00e9chets alimentaires, d\u00e9chets organiques et produits jetables compostables.<\/p>\n<p>Caract\u00e9ristiques :<br \/>Lot : 240.<br \/> Capacit\u00e9 : 80L.<br \/> Mati\u00e8re : PLA.<br \/> Couleur : Vert.<\/p>\n","protected":false},"excerpt":{"rendered":"<p>Sacs poubelle compostables Vegware Biobag 80L (lot de 240)<\/p>\n","protected":false},"featured_media":88665,"comment_status":"closed","ping_status":"closed","template":"","meta":[],"product_brand":[],"product_cat":[1217,1297,1221,1216],"product_tag":[],"class_list":{"0":"post-71636","1":"product","2":"type-product","3":"status-publish","4":"has-post-thumbnail","6":"product_cat-collecte-des-dechets","7":"product_cat-non-palettisable","8":"product_cat-sacs-poubelle","9":"product_cat-usage-unique-et-entretien","10":"product_shipping_class-free-shipping","12":"first","13":"instock","14":"featured","15":"taxable","16":"shipping-taxable","17":"purchasable","18":"product-type-simple"},"_links":{"self":[{"href":"https:\/\/abinox-chr-clim.com\/index.php\/wp-json\/wp\/v2\/product\/71636","targetHints":{"allow":["GET"]}}],"collection":[{"href":"https:\/\/abinox-chr-clim.com\/index.php\/wp-json\/wp\/v2\/product"}],"about":[{"href":"https:\/\/abinox-chr-clim.com\/index.php\/wp-json\/wp\/v2\/types\/product"}],"replies":[{"embeddable":true,"href":"https:\/\/abinox-chr-clim.com\/index.php\/wp-json\/wp\/v2\/comments?post=71636"}],"wp:featuredmedia":[{"embeddable":true,"href":"https:\/\/abinox-chr-clim.com\/index.php\/wp-json\/wp\/v2\/media\/88665"}],"wp:attachment":[{"href":"https:\/\/abinox-chr-clim.com\/index.php\/wp-json\/wp\/v2\/media?parent=71636"}],"wp:term":[{"taxonomy":"product_brand","embeddable":true,"href":"https:\/\/abinox-chr-clim.com\/index.php\/wp-json\/wp\/v2\/product_brand?post=71636"},{"taxonomy":"product_cat","embeddable":true,"href":"https:\/\/abinox-chr-clim.com\/index.php\/wp-json\/wp\/v2\/product_cat?post=71636"},{"taxonomy":"product_tag","embeddable":true,"href":"https:\/\/abinox-chr-clim.com\/index.php\/wp-json\/wp\/v2\/product_tag?post=71636"}],"curies":[{"name":"wp","href":"https:\/\/api.w.org\/{rel}","templated":true}]}}