{"id":71634,"date":"2024-03-22T23:02:26","date_gmt":"2024-03-22T22:02:26","guid":{"rendered":"https:\/\/abinox-chr-clim.com\/index.php\/product\/sacs-poubelle-recycles-transparents-jantex-utilisation-intensive-18kg-120l-lot-de-200\/"},"modified":"2026-04-13T07:45:44","modified_gmt":"2026-04-13T05:45:44","slug":"sacs-poubelle-recycles-transparents-jantex-utilisation-intensive-18kg-120l-lot-de-200","status":"publish","type":"product","link":"https:\/\/abinox-chr-clim.com\/index.php\/product\/sacs-poubelle-recycles-transparents-jantex-utilisation-intensive-18kg-120l-lot-de-200\/","title":{"rendered":"Sacs poubelle recycl\u00e9s transparents Jantex utilisation intensive 18kg 120L (lot de 200)"},"content":{"rendered":"<p>Ces sacs poubelles sont fabriqu\u00e9s \u00e0 partir de plastique recycl\u00e9, ce qui r\u00e9duit consid\u00e9rablement l&rsquo;impact environnemental.<br \/>La capacit\u00e9 de charge maximale de 18 kg les rend parfaits pour l&rsquo;\u00e9limination des d\u00e9chets lourds. Id\u00e9al pour un usage commercial gr\u00e2ce \u00e0 la grande capacit\u00e9 de 120 litres. Ces sacs poubelles sont fabriqu\u00e9s \u00e0 partir de plastique recycl\u00e9, ce qui r\u00e9duit consid\u00e9rablement l&rsquo;impact environnemental. Mat\u00e9riau transparent &#8211; identifiez rapidement le contenu pour la s\u00e9curit\u00e9 ou les changements de sac. La capacit\u00e9 de charge maximale de 18 kg les rend parfaits pour l&rsquo;\u00e9limination des d\u00e9chets lourds.<\/p>\n<p>Caract\u00e9ristiques :<br \/>Lot : 100.<br \/> Mati\u00e8re : Poly\u00e9thyl\u00e8ne recycl\u00e9.<br \/> Couleur : Transparent.<\/p>\n","protected":false},"excerpt":{"rendered":"<p>Sacs poubelle recycl\u00e9s transparents Jantex utilisation intensive 18kg 120L (lot de 200)<\/p>\n","protected":false},"featured_media":102540,"comment_status":"closed","ping_status":"closed","template":"","meta":[],"product_brand":[],"product_cat":[1217,1297,1221,1216],"product_tag":[],"class_list":{"0":"post-71634","1":"product","2":"type-product","3":"status-publish","4":"has-post-thumbnail","6":"product_cat-collecte-des-dechets","7":"product_cat-non-palettisable","8":"product_cat-sacs-poubelle","9":"product_cat-usage-unique-et-entretien","10":"product_shipping_class-free-shipping","12":"first","13":"outofstock","14":"featured","15":"taxable","16":"shipping-taxable","17":"purchasable","18":"product-type-simple"},"_links":{"self":[{"href":"https:\/\/abinox-chr-clim.com\/index.php\/wp-json\/wp\/v2\/product\/71634","targetHints":{"allow":["GET"]}}],"collection":[{"href":"https:\/\/abinox-chr-clim.com\/index.php\/wp-json\/wp\/v2\/product"}],"about":[{"href":"https:\/\/abinox-chr-clim.com\/index.php\/wp-json\/wp\/v2\/types\/product"}],"replies":[{"embeddable":true,"href":"https:\/\/abinox-chr-clim.com\/index.php\/wp-json\/wp\/v2\/comments?post=71634"}],"wp:featuredmedia":[{"embeddable":true,"href":"https:\/\/abinox-chr-clim.com\/index.php\/wp-json\/wp\/v2\/media\/102540"}],"wp:attachment":[{"href":"https:\/\/abinox-chr-clim.com\/index.php\/wp-json\/wp\/v2\/media?parent=71634"}],"wp:term":[{"taxonomy":"product_brand","embeddable":true,"href":"https:\/\/abinox-chr-clim.com\/index.php\/wp-json\/wp\/v2\/product_brand?post=71634"},{"taxonomy":"product_cat","embeddable":true,"href":"https:\/\/abinox-chr-clim.com\/index.php\/wp-json\/wp\/v2\/product_cat?post=71634"},{"taxonomy":"product_tag","embeddable":true,"href":"https:\/\/abinox-chr-clim.com\/index.php\/wp-json\/wp\/v2\/product_tag?post=71634"}],"curies":[{"name":"wp","href":"https:\/\/api.w.org\/{rel}","templated":true}]}}