{"id":71632,"date":"2024-03-22T23:02:25","date_gmt":"2024-03-22T22:02:25","guid":{"rendered":"https:\/\/abinox-chr-clim.com\/index.php\/product\/sacs-poubelle-de-compacteur-jantex-160l-lot-de-100\/"},"modified":"2026-04-13T06:12:05","modified_gmt":"2026-04-13T04:12:05","slug":"sacs-poubelle-de-compacteur-jantex-160l-lot-de-100","status":"publish","type":"product","link":"https:\/\/abinox-chr-clim.com\/index.php\/product\/sacs-poubelle-de-compacteur-jantex-160l-lot-de-100\/","title":{"rendered":"Sacs poubelle de compacteur Jantex 160L (Lot de 100)"},"content":{"rendered":"<p>Sacs de compacteur tr\u00e8s r\u00e9sistants pour les zones \u00e0 grand volume et conteneurs grande capacit\u00e9. Parfaits pour les conteneurs d&rsquo;ext\u00e9rieur. Fabriqu\u00e9s \u00e0 100% \u00e0 partir de mat\u00e9riaux recycl\u00e9s. 20 kg. 50 microns. Dimensions : 508 x 864 x 1169mm.<br \/>Capacit\u00e9 de 20 kg permettant aux sacs de contenir en toute s\u00e9curit\u00e9 des d\u00e9chets industriels et commerciaux lourds. Mat\u00e9riau tr\u00e8s robuste, r\u00e9sistant aux d\u00e9chirures et aux perforations et pr\u00e9venant les d\u00e9versements et les fuites. La capacit\u00e9, 160 litres, permet aux sacs de contenir d&rsquo;\u00e9normes volumes de d\u00e9chets avant d&rsquo;avoir besoin d&rsquo;\u00eatre vid\u00e9. L&rsquo;accr\u00e9ditation CHSA garantit que les sacs sont conformes au test de chute de poids et aux mesures de crevaison et de d\u00e9chirure. Le mat\u00e9riau noir cache les d\u00e9chets disgracieux et am\u00e9liore la discr\u00e9tion. La grande quantit\u00e9, 100 sacs, signifie que chaque lot vous durera plus longtemps. Le mat\u00e9riau en poly\u00e9thyl\u00e8ne signifie que les sacs peuvent \u00eatre recycl\u00e9s pour une \u00e9limination plus durable des d\u00e9chets. V\u00e9rifiez d&rsquo;abord aupr\u00e8s de votre service de gestion des d\u00e9chets avant d&rsquo;envoyer ces sacs pour recyclage. Largeur de surface\u00a0: 508 mm. Largeur ouverte\u00a0: 864 mm. Longueur\u00a0: 1168 mm. 50 microns. Capacit\u00e9 de 20 kg permettant aux sacs de contenir en toute s\u00e9curit\u00e9 des d\u00e9chets industriels et commerciaux lourds.<\/p>\n<p>Caract\u00e9ristiques :<br \/>Lot : 100.<br \/> Capacit\u00e9 : 160L\/ 20kg.<br \/> Dimensions : 508(larg. pli\u00e9) x 864(larg.ouvert) x 1169(L)mm.<br \/> Mati\u00e8re : Fabriqu\u00e9s \u00e0 partir de mat\u00e9riaux recycl\u00e9s.<br \/> Couleur : Noir.<\/p>\n","protected":false},"excerpt":{"rendered":"<p>Sacs poubelle de compacteur Jantex 160L (Lot de 100)<\/p>\n","protected":false},"featured_media":82046,"comment_status":"closed","ping_status":"closed","template":"","meta":[],"product_brand":[],"product_cat":[1217,1297,1221,1216],"product_tag":[],"class_list":{"0":"post-71632","1":"product","2":"type-product","3":"status-publish","4":"has-post-thumbnail","6":"product_cat-collecte-des-dechets","7":"product_cat-non-palettisable","8":"product_cat-sacs-poubelle","9":"product_cat-usage-unique-et-entretien","10":"product_shipping_class-free-shipping","12":"first","13":"outofstock","14":"featured","15":"taxable","16":"shipping-taxable","17":"purchasable","18":"product-type-simple"},"_links":{"self":[{"href":"https:\/\/abinox-chr-clim.com\/index.php\/wp-json\/wp\/v2\/product\/71632","targetHints":{"allow":["GET"]}}],"collection":[{"href":"https:\/\/abinox-chr-clim.com\/index.php\/wp-json\/wp\/v2\/product"}],"about":[{"href":"https:\/\/abinox-chr-clim.com\/index.php\/wp-json\/wp\/v2\/types\/product"}],"replies":[{"embeddable":true,"href":"https:\/\/abinox-chr-clim.com\/index.php\/wp-json\/wp\/v2\/comments?post=71632"}],"wp:featuredmedia":[{"embeddable":true,"href":"https:\/\/abinox-chr-clim.com\/index.php\/wp-json\/wp\/v2\/media\/82046"}],"wp:attachment":[{"href":"https:\/\/abinox-chr-clim.com\/index.php\/wp-json\/wp\/v2\/media?parent=71632"}],"wp:term":[{"taxonomy":"product_brand","embeddable":true,"href":"https:\/\/abinox-chr-clim.com\/index.php\/wp-json\/wp\/v2\/product_brand?post=71632"},{"taxonomy":"product_cat","embeddable":true,"href":"https:\/\/abinox-chr-clim.com\/index.php\/wp-json\/wp\/v2\/product_cat?post=71632"},{"taxonomy":"product_tag","embeddable":true,"href":"https:\/\/abinox-chr-clim.com\/index.php\/wp-json\/wp\/v2\/product_tag?post=71632"}],"curies":[{"name":"wp","href":"https:\/\/api.w.org\/{rel}","templated":true}]}}