{"id":71630,"date":"2024-03-22T23:02:23","date_gmt":"2024-03-22T22:02:23","guid":{"rendered":"https:\/\/abinox-chr-clim.com\/index.php\/product\/couvercle-vert-pour-bouteilles-rubbermaid\/"},"modified":"2025-08-26T11:55:27","modified_gmt":"2025-08-26T09:55:27","slug":"couvercle-vert-pour-bouteilles-rubbermaid","status":"publish","type":"product","link":"https:\/\/abinox-chr-clim.com\/index.php\/product\/couvercle-vert-pour-bouteilles-rubbermaid\/","title":{"rendered":"Couvercle vert pour bouteilles Rubbermaid"},"content":{"rendered":"<p>Pour trier efficacement et facilement les d\u00e9chets. Poubelles compactes avec couvercles de couleur interchangeables indiquant le type de d\u00e9chet :  bo\u00eetes de conserve, bouteilles, papier d\u00e9chets domestiques g\u00e9n\u00e9raux. Capacit\u00e9 \u00e0 encombrement r\u00e9duit de 60 litres ou 87 litres.<br \/>Diam\u00e8tre d&rsquo;ouverture du couvercle: 120 (\u00d8) mm. Encourage le tri efficace des d\u00e9chets. Le couvercle restrictif aidera \u00e0 am\u00e9liorer les taux de recyclage. Code couleur pour une identification rapide. Plastique facile \u00e0 nettoyer.  Diam\u00e8tre d&rsquo;ouverture du couvercle: 120 (\u00d8) mm.<\/p>\n<p>Caract\u00e9ristiques :<br \/> Dimensions : 70(H) x 518(L) x 287(P) mm.<br \/> Mati\u00e8re : Plastique.<br \/> Couleur : Vert.<\/p>\n","protected":false},"excerpt":{"rendered":"<p>Couvercle vert pour bouteilles Rubbermaid<\/p>\n","protected":false},"featured_media":95359,"comment_status":"closed","ping_status":"closed","template":"","meta":[],"product_brand":[],"product_cat":[1217,1297,1220,1216],"product_tag":[],"class_list":{"0":"post-71630","1":"product","2":"type-product","3":"status-publish","4":"has-post-thumbnail","6":"product_cat-collecte-des-dechets","7":"product_cat-non-palettisable","8":"product_cat-poubelles-de-recyclage","9":"product_cat-usage-unique-et-entretien","10":"product_shipping_class-free-shipping","12":"first","13":"outofstock","14":"featured","15":"taxable","16":"shipping-taxable","17":"purchasable","18":"product-type-simple"},"_links":{"self":[{"href":"https:\/\/abinox-chr-clim.com\/index.php\/wp-json\/wp\/v2\/product\/71630","targetHints":{"allow":["GET"]}}],"collection":[{"href":"https:\/\/abinox-chr-clim.com\/index.php\/wp-json\/wp\/v2\/product"}],"about":[{"href":"https:\/\/abinox-chr-clim.com\/index.php\/wp-json\/wp\/v2\/types\/product"}],"replies":[{"embeddable":true,"href":"https:\/\/abinox-chr-clim.com\/index.php\/wp-json\/wp\/v2\/comments?post=71630"}],"wp:featuredmedia":[{"embeddable":true,"href":"https:\/\/abinox-chr-clim.com\/index.php\/wp-json\/wp\/v2\/media\/95359"}],"wp:attachment":[{"href":"https:\/\/abinox-chr-clim.com\/index.php\/wp-json\/wp\/v2\/media?parent=71630"}],"wp:term":[{"taxonomy":"product_brand","embeddable":true,"href":"https:\/\/abinox-chr-clim.com\/index.php\/wp-json\/wp\/v2\/product_brand?post=71630"},{"taxonomy":"product_cat","embeddable":true,"href":"https:\/\/abinox-chr-clim.com\/index.php\/wp-json\/wp\/v2\/product_cat?post=71630"},{"taxonomy":"product_tag","embeddable":true,"href":"https:\/\/abinox-chr-clim.com\/index.php\/wp-json\/wp\/v2\/product_tag?post=71630"}],"curies":[{"name":"wp","href":"https:\/\/api.w.org\/{rel}","templated":true}]}}