{"id":71629,"date":"2024-03-22T23:02:23","date_gmt":"2024-03-22T22:02:23","guid":{"rendered":"https:\/\/abinox-chr-clim.com\/index.php\/product\/chariot-encliquetable-rubbermaid-slim-jim\/"},"modified":"2026-04-13T06:25:06","modified_gmt":"2026-04-13T04:25:06","slug":"chariot-encliquetable-rubbermaid-slim-jim","status":"publish","type":"product","link":"https:\/\/abinox-chr-clim.com\/index.php\/product\/chariot-encliquetable-rubbermaid-slim-jim\/","title":{"rendered":"Chariot encliquetable Rubbermaid Slim Jim"},"content":{"rendered":"<p>Les chariots en plastique encliquetables peuvent \u00eatre assembl\u00e9s les uns aux autres pour r\u00e9duire le transport manuel et les allers-retours. Se d\u00e9tachent rapidement par commande au pied. L\u00e9gers et faciles \u00e0 nettoyer.<br \/>Permet de limiter les allers retours.Plage de temp\u00e9rature -34\u00b0C \u00e0 110\u00b0C.Adapt\u00e9 aux conteneurs Slim Jim 60 et 87 litres. R\u00e9f\u00e9rence soumise \u00e0 une Eco-participation mobilier de 0.37\u20ac par unit\u00e9 vendue. Accroche permettant un d\u00e9placement simultan\u00e9 de plusieurs conteneurs.Syst\u00e8me de p\u00e9dale pour d\u00e9tacher facilement et rapidement les conteneurs. R\u00e9f\u00e9rence soumise \u00e0 une Eco-participation mobilier de 0,34\u20ac par unit\u00e9 vendue. Permet de limiter les allers retours. .<br \/> Caract\u00e9ristiques :<br \/> Dimensions : 212(H) x 372(L) x 606(P)mm.<br \/> Mati\u00e8re : Poly\u00e9thyl\u00e8ne.<br \/> Couleur : Noir.<\/p>\n","protected":false},"excerpt":{"rendered":"<p>Chariot encliquetable Rubbermaid Slim Jim<\/p>\n","protected":false},"featured_media":95364,"comment_status":"closed","ping_status":"closed","template":"","meta":[],"product_brand":[],"product_cat":[1217,1297,1220,1216],"product_tag":[],"class_list":{"0":"post-71629","1":"product","2":"type-product","3":"status-publish","4":"has-post-thumbnail","6":"product_cat-collecte-des-dechets","7":"product_cat-non-palettisable","8":"product_cat-poubelles-de-recyclage","9":"product_cat-usage-unique-et-entretien","10":"product_shipping_class-free-shipping","12":"first","13":"instock","14":"featured","15":"taxable","16":"shipping-taxable","17":"purchasable","18":"product-type-simple"},"_links":{"self":[{"href":"https:\/\/abinox-chr-clim.com\/index.php\/wp-json\/wp\/v2\/product\/71629","targetHints":{"allow":["GET"]}}],"collection":[{"href":"https:\/\/abinox-chr-clim.com\/index.php\/wp-json\/wp\/v2\/product"}],"about":[{"href":"https:\/\/abinox-chr-clim.com\/index.php\/wp-json\/wp\/v2\/types\/product"}],"replies":[{"embeddable":true,"href":"https:\/\/abinox-chr-clim.com\/index.php\/wp-json\/wp\/v2\/comments?post=71629"}],"wp:featuredmedia":[{"embeddable":true,"href":"https:\/\/abinox-chr-clim.com\/index.php\/wp-json\/wp\/v2\/media\/95364"}],"wp:attachment":[{"href":"https:\/\/abinox-chr-clim.com\/index.php\/wp-json\/wp\/v2\/media?parent=71629"}],"wp:term":[{"taxonomy":"product_brand","embeddable":true,"href":"https:\/\/abinox-chr-clim.com\/index.php\/wp-json\/wp\/v2\/product_brand?post=71629"},{"taxonomy":"product_cat","embeddable":true,"href":"https:\/\/abinox-chr-clim.com\/index.php\/wp-json\/wp\/v2\/product_cat?post=71629"},{"taxonomy":"product_tag","embeddable":true,"href":"https:\/\/abinox-chr-clim.com\/index.php\/wp-json\/wp\/v2\/product_tag?post=71629"}],"curies":[{"name":"wp","href":"https:\/\/api.w.org\/{rel}","templated":true}]}}