{"id":71628,"date":"2024-03-22T23:02:23","date_gmt":"2024-03-22T22:02:23","guid":{"rendered":"https:\/\/abinox-chr-clim.com\/index.php\/product\/couvercle-basculant-gris-pour-dechets-divers-rubbermaid\/"},"modified":"2026-04-13T06:24:57","modified_gmt":"2026-04-13T04:24:57","slug":"couvercle-basculant-gris-pour-dechets-divers-rubbermaid","status":"publish","type":"product","link":"https:\/\/abinox-chr-clim.com\/index.php\/product\/couvercle-basculant-gris-pour-dechets-divers-rubbermaid\/","title":{"rendered":"Couvercle basculant gris pour d\u00e9chets divers Rubbermaid"},"content":{"rendered":"<p>Pour trier efficacement et facilement les d\u00e9chets. Poubelles compactes avec couvercles de couleur interchangeables indiquant le type de d\u00e9chet :  bo\u00eetes de conserve, bouteilles, papier d\u00e9chets domestiques g\u00e9n\u00e9raux. Capacit\u00e9 \u00e0 encombrement r\u00e9duit de 60 litres ou 87 litres.<br \/>Favorise un tri efficace des d\u00e9chets. Le couvercle bloque des odeurs d\u00e9sagr\u00e9ables. Plastique facile \u00e0 nettoyer. Favorise un tri efficace des d\u00e9chets.<\/p>\n<p>Caract\u00e9ristiques :<br \/> Dimensions : 70(H) x 518(L) x 287(P)mm.<br \/> Mati\u00e8re : Plastique.<br \/> Couleur : Gris.<\/p>\n","protected":false},"excerpt":{"rendered":"<p>Couvercle basculant gris pour d\u00e9chets divers Rubbermaid<\/p>\n","protected":false},"featured_media":95395,"comment_status":"closed","ping_status":"closed","template":"","meta":[],"product_brand":[],"product_cat":[1217,1297,1220,1216],"product_tag":[],"class_list":{"0":"post-71628","1":"product","2":"type-product","3":"status-publish","4":"has-post-thumbnail","6":"product_cat-collecte-des-dechets","7":"product_cat-non-palettisable","8":"product_cat-poubelles-de-recyclage","9":"product_cat-usage-unique-et-entretien","10":"product_shipping_class-free-shipping","12":"first","13":"instock","14":"featured","15":"taxable","16":"shipping-taxable","17":"purchasable","18":"product-type-simple"},"_links":{"self":[{"href":"https:\/\/abinox-chr-clim.com\/index.php\/wp-json\/wp\/v2\/product\/71628","targetHints":{"allow":["GET"]}}],"collection":[{"href":"https:\/\/abinox-chr-clim.com\/index.php\/wp-json\/wp\/v2\/product"}],"about":[{"href":"https:\/\/abinox-chr-clim.com\/index.php\/wp-json\/wp\/v2\/types\/product"}],"replies":[{"embeddable":true,"href":"https:\/\/abinox-chr-clim.com\/index.php\/wp-json\/wp\/v2\/comments?post=71628"}],"wp:featuredmedia":[{"embeddable":true,"href":"https:\/\/abinox-chr-clim.com\/index.php\/wp-json\/wp\/v2\/media\/95395"}],"wp:attachment":[{"href":"https:\/\/abinox-chr-clim.com\/index.php\/wp-json\/wp\/v2\/media?parent=71628"}],"wp:term":[{"taxonomy":"product_brand","embeddable":true,"href":"https:\/\/abinox-chr-clim.com\/index.php\/wp-json\/wp\/v2\/product_brand?post=71628"},{"taxonomy":"product_cat","embeddable":true,"href":"https:\/\/abinox-chr-clim.com\/index.php\/wp-json\/wp\/v2\/product_cat?post=71628"},{"taxonomy":"product_tag","embeddable":true,"href":"https:\/\/abinox-chr-clim.com\/index.php\/wp-json\/wp\/v2\/product_tag?post=71628"}],"curies":[{"name":"wp","href":"https:\/\/api.w.org\/{rel}","templated":true}]}}