{"id":71627,"date":"2024-03-22T23:02:22","date_gmt":"2024-03-22T22:02:22","guid":{"rendered":"https:\/\/abinox-chr-clim.com\/index.php\/product\/collecteur-slim-jim-rubbermaid-60l\/"},"modified":"2026-04-13T06:24:56","modified_gmt":"2026-04-13T04:24:56","slug":"collecteur-slim-jim-rubbermaid-60l","status":"publish","type":"product","link":"https:\/\/abinox-chr-clim.com\/index.php\/product\/collecteur-slim-jim-rubbermaid-60l\/","title":{"rendered":"Collecteur Slim Jim Rubbermaid 60L"},"content":{"rendered":"<p>Pour trier efficacement et facilement les d\u00e9chets. Poubelles compactes avec couvercles de couleur interchangeables indiquant le type de d\u00e9chet :  bo\u00eetes de conserve, bouteilles, papier d\u00e9chets domestiques g\u00e9n\u00e9raux. Capacit\u00e9 \u00e0 encombrement r\u00e9duit de 60 litres ou 87 litres.<br \/>Les orifices de ventilation facilitent de 80% le retrait des sacs, am\u00e9liorent la productivit\u00e9 et r\u00e9duisent le risque de blessure des utilisateurs. Quatre trous maintiennent les sacs autour du bord du conteneur et permettent des changements plus rapides et sans n\u0153uds. La r\u00e9sine de haute qualit\u00e9 garantit la durabilit\u00e9 du produit dans des environnements tr\u00e8s exigeants. Les poign\u00e9es \u00e0 la base et au bord du conteneur am\u00e9liorent la prise et le contr\u00f4le lors de la manipulation et l&rsquo;extraction des sacs poubelle pleins. Les poign\u00e9es robustes au bord r\u00e9sistent aux dommages pendant la manipulation et le d\u00e9placement. Le bord renforc\u00e9 maintient int\u00e9gralement la structure pour r\u00e9sister \u00e0 l&rsquo;\u00e9crasement. La construction enti\u00e8rement en plastique facilite le nettoyage et l&rsquo;entretien de la poubelle. Les orifices de ventilation facilitent de 80% le retrait des sacs, am\u00e9liorent la productivit\u00e9 et r\u00e9duisent le risque de blessure des utilisateurs.<\/p>\n<p>Caract\u00e9ristiques :<br \/> Capacit\u00e9 : 60L.<br \/> Dimensions : 635(H) x 279(L) x 558(P)mm.<br \/> Mati\u00e8re : Plastique.<br \/> Couleur : Gris.<\/p>\n","protected":false},"excerpt":{"rendered":"<p>Collecteur Slim Jim Rubbermaid 60L<\/p>\n","protected":false},"featured_media":102990,"comment_status":"closed","ping_status":"closed","template":"","meta":[],"product_brand":[],"product_cat":[1217,1297,1220,1216],"product_tag":[],"class_list":{"0":"post-71627","1":"product","2":"type-product","3":"status-publish","4":"has-post-thumbnail","6":"product_cat-collecte-des-dechets","7":"product_cat-non-palettisable","8":"product_cat-poubelles-de-recyclage","9":"product_cat-usage-unique-et-entretien","10":"product_shipping_class-free-shipping","12":"first","13":"instock","14":"featured","15":"taxable","16":"shipping-taxable","17":"purchasable","18":"product-type-simple"},"_links":{"self":[{"href":"https:\/\/abinox-chr-clim.com\/index.php\/wp-json\/wp\/v2\/product\/71627","targetHints":{"allow":["GET"]}}],"collection":[{"href":"https:\/\/abinox-chr-clim.com\/index.php\/wp-json\/wp\/v2\/product"}],"about":[{"href":"https:\/\/abinox-chr-clim.com\/index.php\/wp-json\/wp\/v2\/types\/product"}],"replies":[{"embeddable":true,"href":"https:\/\/abinox-chr-clim.com\/index.php\/wp-json\/wp\/v2\/comments?post=71627"}],"wp:featuredmedia":[{"embeddable":true,"href":"https:\/\/abinox-chr-clim.com\/index.php\/wp-json\/wp\/v2\/media\/102990"}],"wp:attachment":[{"href":"https:\/\/abinox-chr-clim.com\/index.php\/wp-json\/wp\/v2\/media?parent=71627"}],"wp:term":[{"taxonomy":"product_brand","embeddable":true,"href":"https:\/\/abinox-chr-clim.com\/index.php\/wp-json\/wp\/v2\/product_brand?post=71627"},{"taxonomy":"product_cat","embeddable":true,"href":"https:\/\/abinox-chr-clim.com\/index.php\/wp-json\/wp\/v2\/product_cat?post=71627"},{"taxonomy":"product_tag","embeddable":true,"href":"https:\/\/abinox-chr-clim.com\/index.php\/wp-json\/wp\/v2\/product_tag?post=71627"}],"curies":[{"name":"wp","href":"https:\/\/api.w.org\/{rel}","templated":true}]}}