{"id":71623,"date":"2024-03-22T23:02:21","date_gmt":"2024-03-22T22:02:21","guid":{"rendered":"https:\/\/abinox-chr-clim.com\/index.php\/product\/poubelle-sanitaire-jantex-18l\/"},"modified":"2026-04-13T06:45:41","modified_gmt":"2026-04-13T04:45:41","slug":"poubelle-sanitaire-jantex-18l","status":"publish","type":"product","link":"https:\/\/abinox-chr-clim.com\/index.php\/product\/poubelle-sanitaire-jantex-18l\/","title":{"rendered":"Poubelle sanitaire Jantex 18L"},"content":{"rendered":"<p>Poubelle sanitaire 18L \u00e0 p\u00e9dale pour une utilisation mains libres. Mod\u00e8le compact en plastique ABS avec surfaces faciles \u00e0 nettoyer.<br \/>Actionn\u00e9 par une p\u00e9dale pour r\u00e9duire le transfert des bact\u00e9ries des mains. Les surfaces nettoyables par essuyage vous permettent de maintenir des toilettes hygi\u00e9niques. La capacit\u00e9 de 18 litres permet une utilisation en milieu professionnel. Gr\u00e2ce \u00e0 son design discret, la poubelle s&rsquo;int\u00e8gre parfaitement \u00e0 tout d\u00e9cor de salle de bains. Le plastique ABS durable permet une gestion des d\u00e9chets \u00e0 long terme.  Actionn\u00e9 par une p\u00e9dale pour r\u00e9duire le transfert des bact\u00e9ries des mains.<\/p>\n<p>Caract\u00e9ristiques :<br \/> Capacit\u00e9 : 18L.<br \/> Dimensions : 365(H)x 190(L)x 580(P)mm.<br \/> Mati\u00e8re : Plastique ABS.<br \/> Couleur : Blanc.<\/p>\n","protected":false},"excerpt":{"rendered":"<p>Poubelle sanitaire Jantex 18L<\/p>\n","protected":false},"featured_media":99462,"comment_status":"closed","ping_status":"closed","template":"","meta":[],"product_brand":[],"product_cat":[1217,1297,1219,1216],"product_tag":[],"class_list":{"0":"post-71623","1":"product","2":"type-product","3":"status-publish","4":"has-post-thumbnail","6":"product_cat-collecte-des-dechets","7":"product_cat-non-palettisable","8":"product_cat-poubelles","9":"product_cat-usage-unique-et-entretien","10":"product_shipping_class-free-shipping","12":"first","13":"instock","14":"featured","15":"taxable","16":"shipping-taxable","17":"purchasable","18":"product-type-simple"},"_links":{"self":[{"href":"https:\/\/abinox-chr-clim.com\/index.php\/wp-json\/wp\/v2\/product\/71623","targetHints":{"allow":["GET"]}}],"collection":[{"href":"https:\/\/abinox-chr-clim.com\/index.php\/wp-json\/wp\/v2\/product"}],"about":[{"href":"https:\/\/abinox-chr-clim.com\/index.php\/wp-json\/wp\/v2\/types\/product"}],"replies":[{"embeddable":true,"href":"https:\/\/abinox-chr-clim.com\/index.php\/wp-json\/wp\/v2\/comments?post=71623"}],"wp:featuredmedia":[{"embeddable":true,"href":"https:\/\/abinox-chr-clim.com\/index.php\/wp-json\/wp\/v2\/media\/99462"}],"wp:attachment":[{"href":"https:\/\/abinox-chr-clim.com\/index.php\/wp-json\/wp\/v2\/media?parent=71623"}],"wp:term":[{"taxonomy":"product_brand","embeddable":true,"href":"https:\/\/abinox-chr-clim.com\/index.php\/wp-json\/wp\/v2\/product_brand?post=71623"},{"taxonomy":"product_cat","embeddable":true,"href":"https:\/\/abinox-chr-clim.com\/index.php\/wp-json\/wp\/v2\/product_cat?post=71623"},{"taxonomy":"product_tag","embeddable":true,"href":"https:\/\/abinox-chr-clim.com\/index.php\/wp-json\/wp\/v2\/product_tag?post=71623"}],"curies":[{"name":"wp","href":"https:\/\/api.w.org\/{rel}","templated":true}]}}