{"id":71617,"date":"2024-03-22T23:02:19","date_gmt":"2024-03-22T22:02:19","guid":{"rendered":"https:\/\/abinox-chr-clim.com\/index.php\/product\/poubelle-plastique-jantex-80l\/"},"modified":"2026-04-13T06:40:33","modified_gmt":"2026-04-13T04:40:33","slug":"poubelle-plastique-jantex-80l","status":"publish","type":"product","link":"https:\/\/abinox-chr-clim.com\/index.php\/product\/poubelle-plastique-jantex-80l\/","title":{"rendered":"Poubelle plastique Jantex 80L"},"content":{"rendered":"<p>Poubelle, chariot et couvercles assortis pour r\u00e9pondre \u00e0 tous vos besoins. Construction robuste en plastique.<br \/>Plastique r\u00e9sistant pour une utilisation commerciale. Essuyable pour un nettoyage facile. Grande capacit\u00e9 permettant de stocker beaucoup de d\u00e9chets. Empilable pour le stockage. Couvercle et chariot \u00e0 roulettes disponibles s\u00e9par\u00e9ment pour une utilisation polyvalente.  Plastique r\u00e9sistant pour une utilisation commerciale.<\/p>\n<p>Caract\u00e9ristiques :<br \/> Capacit\u00e9 : 80L.<br \/> Dimensions : 600(H) x 485(L) x 400(P)mm.<br \/> Mati\u00e8re : .<br \/> Couleur : Gris.<\/p>\n","protected":false},"excerpt":{"rendered":"<p>Poubelle plastique Jantex 80L<\/p>\n","protected":false},"featured_media":104764,"comment_status":"closed","ping_status":"closed","template":"","meta":[],"product_brand":[],"product_cat":[1217,1297,1219,1216],"product_tag":[],"class_list":{"0":"post-71617","1":"product","2":"type-product","3":"status-publish","4":"has-post-thumbnail","6":"product_cat-collecte-des-dechets","7":"product_cat-non-palettisable","8":"product_cat-poubelles","9":"product_cat-usage-unique-et-entretien","10":"product_shipping_class-free-shipping","12":"first","13":"instock","14":"featured","15":"taxable","16":"shipping-taxable","17":"purchasable","18":"product-type-simple"},"_links":{"self":[{"href":"https:\/\/abinox-chr-clim.com\/index.php\/wp-json\/wp\/v2\/product\/71617","targetHints":{"allow":["GET"]}}],"collection":[{"href":"https:\/\/abinox-chr-clim.com\/index.php\/wp-json\/wp\/v2\/product"}],"about":[{"href":"https:\/\/abinox-chr-clim.com\/index.php\/wp-json\/wp\/v2\/types\/product"}],"replies":[{"embeddable":true,"href":"https:\/\/abinox-chr-clim.com\/index.php\/wp-json\/wp\/v2\/comments?post=71617"}],"wp:featuredmedia":[{"embeddable":true,"href":"https:\/\/abinox-chr-clim.com\/index.php\/wp-json\/wp\/v2\/media\/104764"}],"wp:attachment":[{"href":"https:\/\/abinox-chr-clim.com\/index.php\/wp-json\/wp\/v2\/media?parent=71617"}],"wp:term":[{"taxonomy":"product_brand","embeddable":true,"href":"https:\/\/abinox-chr-clim.com\/index.php\/wp-json\/wp\/v2\/product_brand?post=71617"},{"taxonomy":"product_cat","embeddable":true,"href":"https:\/\/abinox-chr-clim.com\/index.php\/wp-json\/wp\/v2\/product_cat?post=71617"},{"taxonomy":"product_tag","embeddable":true,"href":"https:\/\/abinox-chr-clim.com\/index.php\/wp-json\/wp\/v2\/product_tag?post=71617"}],"curies":[{"name":"wp","href":"https:\/\/api.w.org\/{rel}","templated":true}]}}