{"id":71611,"date":"2024-03-22T23:02:17","date_gmt":"2024-03-22T22:02:17","guid":{"rendered":"https:\/\/abinox-chr-clim.com\/index.php\/product\/collecteur-rubbermaid-brute-gris-1211l\/"},"modified":"2026-04-13T06:40:27","modified_gmt":"2026-04-13T04:40:27","slug":"collecteur-rubbermaid-brute-gris-1211l","status":"publish","type":"product","link":"https:\/\/abinox-chr-clim.com\/index.php\/product\/collecteur-rubbermaid-brute-gris-1211l\/","title":{"rendered":"Collecteur Rubbermaid Brute gris 121,1L"},"content":{"rendered":"<p>La solution pour la collecte et le transport des d\u00e9chets, avec poign\u00e9es moul\u00e9es pour une meilleure maniabilit\u00e9. Possibilit\u00e9 d&rsquo;adapter un chariot mobile pour faciliter le d\u00e9placement des poubelles de 75 et 121L. Le chariot et les conteneurs sont vendus s\u00e9par\u00e9ment.<br \/>Fabrication en poly\u00e9thyl\u00e8ne lin\u00e9aire faible densit\u00e9. Poign\u00e9es int\u00e9gr\u00e9es. Peuvent s&#8217;emboiter pour le rangement sans coincer. Fabrication en poly\u00e9thyl\u00e8ne lin\u00e9aire faible densit\u00e9.<\/p>\n<p>Caract\u00e9ristiques :<br \/> Capacit\u00e9 : 121L.<br \/> Dimensions : 692(H)x 559(\u00d8)mm.<br \/> Mati\u00e8re : Poly\u00e9thyl\u00e8ne.<br \/> Couleur : Gris.<\/p>\n","protected":false},"excerpt":{"rendered":"<p>Collecteur Rubbermaid Brute gris 121,1L<\/p>\n","protected":false},"featured_media":104758,"comment_status":"closed","ping_status":"closed","template":"","meta":[],"product_brand":[],"product_cat":[1217,1297,1219,1216],"product_tag":[],"class_list":{"0":"post-71611","1":"product","2":"type-product","3":"status-publish","4":"has-post-thumbnail","6":"product_cat-collecte-des-dechets","7":"product_cat-non-palettisable","8":"product_cat-poubelles","9":"product_cat-usage-unique-et-entretien","10":"product_shipping_class-free-shipping","12":"first","13":"instock","14":"featured","15":"taxable","16":"shipping-taxable","17":"purchasable","18":"product-type-simple"},"_links":{"self":[{"href":"https:\/\/abinox-chr-clim.com\/index.php\/wp-json\/wp\/v2\/product\/71611","targetHints":{"allow":["GET"]}}],"collection":[{"href":"https:\/\/abinox-chr-clim.com\/index.php\/wp-json\/wp\/v2\/product"}],"about":[{"href":"https:\/\/abinox-chr-clim.com\/index.php\/wp-json\/wp\/v2\/types\/product"}],"replies":[{"embeddable":true,"href":"https:\/\/abinox-chr-clim.com\/index.php\/wp-json\/wp\/v2\/comments?post=71611"}],"wp:featuredmedia":[{"embeddable":true,"href":"https:\/\/abinox-chr-clim.com\/index.php\/wp-json\/wp\/v2\/media\/104758"}],"wp:attachment":[{"href":"https:\/\/abinox-chr-clim.com\/index.php\/wp-json\/wp\/v2\/media?parent=71611"}],"wp:term":[{"taxonomy":"product_brand","embeddable":true,"href":"https:\/\/abinox-chr-clim.com\/index.php\/wp-json\/wp\/v2\/product_brand?post=71611"},{"taxonomy":"product_cat","embeddable":true,"href":"https:\/\/abinox-chr-clim.com\/index.php\/wp-json\/wp\/v2\/product_cat?post=71611"},{"taxonomy":"product_tag","embeddable":true,"href":"https:\/\/abinox-chr-clim.com\/index.php\/wp-json\/wp\/v2\/product_tag?post=71611"}],"curies":[{"name":"wp","href":"https:\/\/api.w.org\/{rel}","templated":true}]}}