{"id":71610,"date":"2024-03-22T23:02:16","date_gmt":"2024-03-22T22:02:16","guid":{"rendered":"https:\/\/abinox-chr-clim.com\/index.php\/product\/collecteur-rubbermaid-brute-gris-379l\/"},"modified":"2026-04-13T06:40:26","modified_gmt":"2026-04-13T04:40:26","slug":"collecteur-rubbermaid-brute-gris-379l","status":"publish","type":"product","link":"https:\/\/abinox-chr-clim.com\/index.php\/product\/collecteur-rubbermaid-brute-gris-379l\/","title":{"rendered":"Collecteur Rubbermaid Brute gris 37,9L"},"content":{"rendered":"<p>Fabrication en poly\u00e9thyl\u00e8ne lin\u00e9aire faible densit\u00e9. Poign\u00e9es int\u00e9gr\u00e9es. Peuvent s&#8217;emboiter pour le rangement sans coincer. Fabrication en poly\u00e9thyl\u00e8ne lin\u00e9aire faible densit\u00e9.<\/p>\n<p>Caract\u00e9ristiques :<br \/> Capacit\u00e9 : 37.9 L.<br \/> Dimensions : 435(H) x 397(\u00d8)mm.<br \/> Mati\u00e8re : Poly\u00e9thyl\u00e8ne.<br \/> Couleur : Gris.<\/p>\n","protected":false},"excerpt":{"rendered":"<p>Collecteur Rubbermaid Brute gris 37,9L<\/p>\n","protected":false},"featured_media":104757,"comment_status":"closed","ping_status":"closed","template":"","meta":[],"product_brand":[],"product_cat":[1217,1297,1219,1216],"product_tag":[],"class_list":{"0":"post-71610","1":"product","2":"type-product","3":"status-publish","4":"has-post-thumbnail","6":"product_cat-collecte-des-dechets","7":"product_cat-non-palettisable","8":"product_cat-poubelles","9":"product_cat-usage-unique-et-entretien","10":"product_shipping_class-free-shipping","12":"first","13":"instock","14":"featured","15":"taxable","16":"shipping-taxable","17":"purchasable","18":"product-type-simple"},"_links":{"self":[{"href":"https:\/\/abinox-chr-clim.com\/index.php\/wp-json\/wp\/v2\/product\/71610","targetHints":{"allow":["GET"]}}],"collection":[{"href":"https:\/\/abinox-chr-clim.com\/index.php\/wp-json\/wp\/v2\/product"}],"about":[{"href":"https:\/\/abinox-chr-clim.com\/index.php\/wp-json\/wp\/v2\/types\/product"}],"replies":[{"embeddable":true,"href":"https:\/\/abinox-chr-clim.com\/index.php\/wp-json\/wp\/v2\/comments?post=71610"}],"wp:featuredmedia":[{"embeddable":true,"href":"https:\/\/abinox-chr-clim.com\/index.php\/wp-json\/wp\/v2\/media\/104757"}],"wp:attachment":[{"href":"https:\/\/abinox-chr-clim.com\/index.php\/wp-json\/wp\/v2\/media?parent=71610"}],"wp:term":[{"taxonomy":"product_brand","embeddable":true,"href":"https:\/\/abinox-chr-clim.com\/index.php\/wp-json\/wp\/v2\/product_brand?post=71610"},{"taxonomy":"product_cat","embeddable":true,"href":"https:\/\/abinox-chr-clim.com\/index.php\/wp-json\/wp\/v2\/product_cat?post=71610"},{"taxonomy":"product_tag","embeddable":true,"href":"https:\/\/abinox-chr-clim.com\/index.php\/wp-json\/wp\/v2\/product_tag?post=71610"}],"curies":[{"name":"wp","href":"https:\/\/api.w.org\/{rel}","templated":true}]}}