{"id":71604,"date":"2024-03-22T23:02:14","date_gmt":"2024-03-22T22:02:14","guid":{"rendered":"https:\/\/abinox-chr-clim.com\/index.php\/product\/poubelle-a-couvercle-battant-syr\/"},"modified":"2026-04-13T06:40:17","modified_gmt":"2026-04-13T04:40:17","slug":"poubelle-a-couvercle-battant-syr","status":"publish","type":"product","link":"https:\/\/abinox-chr-clim.com\/index.php\/product\/poubelle-a-couvercle-battant-syr\/","title":{"rendered":"Poubelle \u00e0 couvercle battant SYR"},"content":{"rendered":"<p>Fabrication en polypropyl\u00e8ne l\u00e9ger, facile \u00e0 nettoyer.<br \/>Le couvercle battant permet de minimiser le contact avec la poubelle. La couleur blanche peut \u00eatre utilis\u00e9e dans le cadre d&rsquo;un syst\u00e8me de code couleur. La capacit\u00e9 de 50 litres est id\u00e9ale pour les d\u00e9chets de moyenne \u00e0 grande taille. La conception en plastique offre une excellente durabilit\u00e9. La conception mince et haute permet d&rsquo;optimiser l&rsquo;espace au sol. Conception facile \u00e0 nettoyer pour une excellente gestion de l&rsquo;hygi\u00e8ne.  Le couvercle battant permet de minimiser le contact avec la poubelle.<\/p>\n<p>Caract\u00e9ristiques :<br \/> Capacit\u00e9 : 50 L.<br \/> Dimensions : 710(H) x 330(L) x 320(P) mm.<br \/> Mati\u00e8re : Polypropyl\u00e8ne.<br \/> Couleur : Blanc.<\/p>\n","protected":false},"excerpt":{"rendered":"<p>Poubelle \u00e0 couvercle battant SYR<\/p>\n","protected":false},"featured_media":104744,"comment_status":"closed","ping_status":"closed","template":"","meta":[],"product_brand":[],"product_cat":[1217,1297,1219,1216],"product_tag":[],"class_list":{"0":"post-71604","1":"product","2":"type-product","3":"status-publish","4":"has-post-thumbnail","6":"product_cat-collecte-des-dechets","7":"product_cat-non-palettisable","8":"product_cat-poubelles","9":"product_cat-usage-unique-et-entretien","10":"product_shipping_class-free-shipping","12":"first","13":"instock","14":"featured","15":"taxable","16":"shipping-taxable","17":"purchasable","18":"product-type-simple"},"_links":{"self":[{"href":"https:\/\/abinox-chr-clim.com\/index.php\/wp-json\/wp\/v2\/product\/71604","targetHints":{"allow":["GET"]}}],"collection":[{"href":"https:\/\/abinox-chr-clim.com\/index.php\/wp-json\/wp\/v2\/product"}],"about":[{"href":"https:\/\/abinox-chr-clim.com\/index.php\/wp-json\/wp\/v2\/types\/product"}],"replies":[{"embeddable":true,"href":"https:\/\/abinox-chr-clim.com\/index.php\/wp-json\/wp\/v2\/comments?post=71604"}],"wp:featuredmedia":[{"embeddable":true,"href":"https:\/\/abinox-chr-clim.com\/index.php\/wp-json\/wp\/v2\/media\/104744"}],"wp:attachment":[{"href":"https:\/\/abinox-chr-clim.com\/index.php\/wp-json\/wp\/v2\/media?parent=71604"}],"wp:term":[{"taxonomy":"product_brand","embeddable":true,"href":"https:\/\/abinox-chr-clim.com\/index.php\/wp-json\/wp\/v2\/product_brand?post=71604"},{"taxonomy":"product_cat","embeddable":true,"href":"https:\/\/abinox-chr-clim.com\/index.php\/wp-json\/wp\/v2\/product_cat?post=71604"},{"taxonomy":"product_tag","embeddable":true,"href":"https:\/\/abinox-chr-clim.com\/index.php\/wp-json\/wp\/v2\/product_tag?post=71604"}],"curies":[{"name":"wp","href":"https:\/\/api.w.org\/{rel}","templated":true}]}}