{"id":71600,"date":"2024-03-22T23:02:11","date_gmt":"2024-03-22T22:02:11","guid":{"rendered":"https:\/\/abinox-chr-clim.com\/index.php\/product\/conteneur-a-pedale-rubbermaid-step-on-beige-68l\/"},"modified":"2026-04-13T06:40:00","modified_gmt":"2026-04-13T04:40:00","slug":"conteneur-a-pedale-rubbermaid-step-on-beige-68l","status":"publish","type":"product","link":"https:\/\/abinox-chr-clim.com\/index.php\/product\/conteneur-a-pedale-rubbermaid-step-on-beige-68l\/","title":{"rendered":"Conteneur \u00e0 p\u00e9dale Rubbermaid Step-On beige 68L"},"content":{"rendered":"<p>Syst\u00e8me d&rsquo;ouverture \u00e0 p\u00e9dale, mains libres, avec un couvercle herm\u00e9tique pour minimiser les odeurs. Mod\u00e8le pratique avec un grand choix de couleurs, id\u00e9al pour les cuisines professionnelles.<br \/>Poly\u00e9thyl\u00e8ne facile \u00e0 nettoyer. R\u00e9siste \u00e0 la rouille, aux d\u00e9formations et aux \u00e9clats.Couvercle parfaitement ajust\u00e9 pour contenir les odeurs. Construit d&rsquo;une seule pi\u00e8ce, permet d&rsquo;\u00e9viter toute fuite. M\u00e9canisme \u00e0 p\u00e9dale tr\u00e8s solide. Crochets de fixation pour sac poubelle. Test de r\u00e9sistance au feu homologu\u00e9 NHS.  Poly\u00e9thyl\u00e8ne facile \u00e0 nettoyer. R\u00e9siste \u00e0 la rouille, aux d\u00e9formations et aux \u00e9clats. .<br \/> Caract\u00e9ristiques :<br \/> Capacit\u00e9 : 68L.<br \/> Dimensions : 675(H) x 500(L) x 410(P)mm.<br \/> Mati\u00e8re : Poly\u00e9thyl\u00e8ne.<br \/> Couleur : Beige.<\/p>\n","protected":false},"excerpt":{"rendered":"<p>Conteneur \u00e0 p\u00e9dale Rubbermaid Step-On beige 68L<\/p>\n","protected":false},"featured_media":102684,"comment_status":"closed","ping_status":"closed","template":"","meta":[],"product_brand":[],"product_cat":[1217,1297,1219,1216],"product_tag":[],"class_list":{"0":"post-71600","1":"product","2":"type-product","3":"status-publish","4":"has-post-thumbnail","6":"product_cat-collecte-des-dechets","7":"product_cat-non-palettisable","8":"product_cat-poubelles","9":"product_cat-usage-unique-et-entretien","10":"product_shipping_class-free-shipping","12":"first","13":"instock","14":"featured","15":"taxable","16":"shipping-taxable","17":"purchasable","18":"product-type-simple"},"_links":{"self":[{"href":"https:\/\/abinox-chr-clim.com\/index.php\/wp-json\/wp\/v2\/product\/71600","targetHints":{"allow":["GET"]}}],"collection":[{"href":"https:\/\/abinox-chr-clim.com\/index.php\/wp-json\/wp\/v2\/product"}],"about":[{"href":"https:\/\/abinox-chr-clim.com\/index.php\/wp-json\/wp\/v2\/types\/product"}],"replies":[{"embeddable":true,"href":"https:\/\/abinox-chr-clim.com\/index.php\/wp-json\/wp\/v2\/comments?post=71600"}],"wp:featuredmedia":[{"embeddable":true,"href":"https:\/\/abinox-chr-clim.com\/index.php\/wp-json\/wp\/v2\/media\/102684"}],"wp:attachment":[{"href":"https:\/\/abinox-chr-clim.com\/index.php\/wp-json\/wp\/v2\/media?parent=71600"}],"wp:term":[{"taxonomy":"product_brand","embeddable":true,"href":"https:\/\/abinox-chr-clim.com\/index.php\/wp-json\/wp\/v2\/product_brand?post=71600"},{"taxonomy":"product_cat","embeddable":true,"href":"https:\/\/abinox-chr-clim.com\/index.php\/wp-json\/wp\/v2\/product_cat?post=71600"},{"taxonomy":"product_tag","embeddable":true,"href":"https:\/\/abinox-chr-clim.com\/index.php\/wp-json\/wp\/v2\/product_tag?post=71600"}],"curies":[{"name":"wp","href":"https:\/\/api.w.org\/{rel}","templated":true}]}}