{"id":71598,"date":"2024-03-22T23:02:10","date_gmt":"2024-03-22T22:02:10","guid":{"rendered":"https:\/\/abinox-chr-clim.com\/index.php\/product\/poubelle-inox-avec-roues-et-couvercle-gastro-m-100l\/"},"modified":"2026-04-13T07:00:20","modified_gmt":"2026-04-13T05:00:20","slug":"poubelle-inox-avec-roues-et-couvercle-gastro-m-100l","status":"publish","type":"product","link":"https:\/\/abinox-chr-clim.com\/index.php\/product\/poubelle-inox-avec-roues-et-couvercle-gastro-m-100l\/","title":{"rendered":"Poubelle inox avec roues et couvercle Gastro M 100L"},"content":{"rendered":"<p>Enti\u00e8rement en inox AISI 430. Poss\u00e8de roues et couvercle. Couvercle sans charni\u00e8res. Enti\u00e8rement en inox AISI 430.<\/p>\n<p>Caract\u00e9ristiques :<br \/> Capacit\u00e9 : 100 L.<br \/> Dimensions : 685(H) x 450(\u00d8)mm.<br \/> Mati\u00e8re : Acier inoxydable.<br \/> Couleur : Argent.<\/p>\n","protected":false},"excerpt":{"rendered":"<p>Poubelle inox avec roues et couvercle Gastro M 100L<\/p>\n","protected":false},"featured_media":103415,"comment_status":"closed","ping_status":"closed","template":"","meta":[],"product_brand":[],"product_cat":[1217,1297,1219,1216],"product_tag":[],"class_list":{"0":"post-71598","1":"product","2":"type-product","3":"status-publish","4":"has-post-thumbnail","6":"product_cat-collecte-des-dechets","7":"product_cat-non-palettisable","8":"product_cat-poubelles","9":"product_cat-usage-unique-et-entretien","10":"product_shipping_class-free-shipping","12":"first","13":"instock","14":"featured","15":"taxable","16":"shipping-taxable","17":"purchasable","18":"product-type-simple"},"_links":{"self":[{"href":"https:\/\/abinox-chr-clim.com\/index.php\/wp-json\/wp\/v2\/product\/71598","targetHints":{"allow":["GET"]}}],"collection":[{"href":"https:\/\/abinox-chr-clim.com\/index.php\/wp-json\/wp\/v2\/product"}],"about":[{"href":"https:\/\/abinox-chr-clim.com\/index.php\/wp-json\/wp\/v2\/types\/product"}],"replies":[{"embeddable":true,"href":"https:\/\/abinox-chr-clim.com\/index.php\/wp-json\/wp\/v2\/comments?post=71598"}],"wp:featuredmedia":[{"embeddable":true,"href":"https:\/\/abinox-chr-clim.com\/index.php\/wp-json\/wp\/v2\/media\/103415"}],"wp:attachment":[{"href":"https:\/\/abinox-chr-clim.com\/index.php\/wp-json\/wp\/v2\/media?parent=71598"}],"wp:term":[{"taxonomy":"product_brand","embeddable":true,"href":"https:\/\/abinox-chr-clim.com\/index.php\/wp-json\/wp\/v2\/product_brand?post=71598"},{"taxonomy":"product_cat","embeddable":true,"href":"https:\/\/abinox-chr-clim.com\/index.php\/wp-json\/wp\/v2\/product_cat?post=71598"},{"taxonomy":"product_tag","embeddable":true,"href":"https:\/\/abinox-chr-clim.com\/index.php\/wp-json\/wp\/v2\/product_tag?post=71598"}],"curies":[{"name":"wp","href":"https:\/\/api.w.org\/{rel}","templated":true}]}}