{"id":71597,"date":"2024-03-22T23:02:10","date_gmt":"2024-03-22T22:02:10","guid":{"rendered":"https:\/\/abinox-chr-clim.com\/index.php\/product\/poubelle-inox-avec-roues-et-couvercle-gastro-m-50l\/"},"modified":"2026-04-13T07:00:18","modified_gmt":"2026-04-13T05:00:18","slug":"poubelle-inox-avec-roues-et-couvercle-gastro-m-50l","status":"publish","type":"product","link":"https:\/\/abinox-chr-clim.com\/index.php\/product\/poubelle-inox-avec-roues-et-couvercle-gastro-m-50l\/","title":{"rendered":"Poubelle inox avec roues et couvercle Gastro M 50L"},"content":{"rendered":"<p>Enti\u00e8rement en inox AISI 430. Avec roues. Couvercle sans charni\u00e8res. Enti\u00e8rement en inox AISI 430.<\/p>\n<p>Caract\u00e9ristiques :<br \/> Capacit\u00e9 : 50 L.<br \/> Dimensions : 60,5(H) x 40(\u00d8)cm.<br \/> Mati\u00e8re : Acier inoxydable<\/p>\n","protected":false},"excerpt":{"rendered":"<p>Poubelle inox avec roues et couvercle Gastro M 50L<\/p>\n","protected":false},"featured_media":103414,"comment_status":"closed","ping_status":"closed","template":"","meta":[],"product_brand":[],"product_cat":[1217,1296,1219,1216],"product_tag":[],"class_list":{"0":"post-71597","1":"product","2":"type-product","3":"status-publish","4":"has-post-thumbnail","6":"product_cat-collecte-des-dechets","7":"product_cat-palettisable","8":"product_cat-poubelles","9":"product_cat-usage-unique-et-entretien","11":"first","12":"instock","13":"featured","14":"taxable","15":"shipping-taxable","16":"purchasable","17":"product-type-simple"},"_links":{"self":[{"href":"https:\/\/abinox-chr-clim.com\/index.php\/wp-json\/wp\/v2\/product\/71597","targetHints":{"allow":["GET"]}}],"collection":[{"href":"https:\/\/abinox-chr-clim.com\/index.php\/wp-json\/wp\/v2\/product"}],"about":[{"href":"https:\/\/abinox-chr-clim.com\/index.php\/wp-json\/wp\/v2\/types\/product"}],"replies":[{"embeddable":true,"href":"https:\/\/abinox-chr-clim.com\/index.php\/wp-json\/wp\/v2\/comments?post=71597"}],"wp:featuredmedia":[{"embeddable":true,"href":"https:\/\/abinox-chr-clim.com\/index.php\/wp-json\/wp\/v2\/media\/103414"}],"wp:attachment":[{"href":"https:\/\/abinox-chr-clim.com\/index.php\/wp-json\/wp\/v2\/media?parent=71597"}],"wp:term":[{"taxonomy":"product_brand","embeddable":true,"href":"https:\/\/abinox-chr-clim.com\/index.php\/wp-json\/wp\/v2\/product_brand?post=71597"},{"taxonomy":"product_cat","embeddable":true,"href":"https:\/\/abinox-chr-clim.com\/index.php\/wp-json\/wp\/v2\/product_cat?post=71597"},{"taxonomy":"product_tag","embeddable":true,"href":"https:\/\/abinox-chr-clim.com\/index.php\/wp-json\/wp\/v2\/product_tag?post=71597"}],"curies":[{"name":"wp","href":"https:\/\/api.w.org\/{rel}","templated":true}]}}