{"id":71588,"date":"2024-03-22T23:02:07","date_gmt":"2024-03-22T22:02:07","guid":{"rendered":"https:\/\/abinox-chr-clim.com\/index.php\/product\/poubelle-dome-inox-ouverte-bolero-40l\/"},"modified":"2026-04-13T07:32:05","modified_gmt":"2026-04-13T05:32:05","slug":"poubelle-dome-inox-ouverte-bolero-40l","status":"publish","type":"product","link":"https:\/\/abinox-chr-clim.com\/index.php\/product\/poubelle-dome-inox-ouverte-bolero-40l\/","title":{"rendered":"Poubelle dome inox ouverte Bolero 40L"},"content":{"rendered":"<p>Poubelle en acier inoxydable de haute qualit\u00e9 avec couvercle ouvert. Cette poubelle attrayante et robuste est id\u00e9ale pour une utilisation en fa\u00e7ade. L&rsquo;anneau en polypropyl\u00e8ne autour de la base inf\u00e9rieure prot\u00e8ge le sol et am\u00e9liore la stabilit\u00e9. Finition mate.<br \/>Robuste. Finition mate. Anneau en polypropyl\u00e8ne autour de la base pour prot\u00e9ger le sol et am\u00e9liorer la stabilit\u00e9. Couvercle inox 201. Corps inox 410.  Robuste.<\/p>\n<p>Caract\u00e9ristiques :<br \/> Capacit\u00e9 : 40L.<br \/> Dimensions : 640(H) mm.<br \/> Mati\u00e8re : Inox et polypropyl\u00e8ne.<br \/> Couleur : Acier inoxydable.<\/p>\n","protected":false},"excerpt":{"rendered":"<p>Poubelle dome inox ouverte Bolero 40L<\/p>\n","protected":false},"featured_media":101982,"comment_status":"closed","ping_status":"closed","template":"","meta":[],"product_brand":[],"product_cat":[1217,1297,1219,1216],"product_tag":[],"class_list":{"0":"post-71588","1":"product","2":"type-product","3":"status-publish","4":"has-post-thumbnail","6":"product_cat-collecte-des-dechets","7":"product_cat-non-palettisable","8":"product_cat-poubelles","9":"product_cat-usage-unique-et-entretien","10":"product_shipping_class-free-shipping","12":"first","13":"instock","14":"featured","15":"taxable","16":"shipping-taxable","17":"purchasable","18":"product-type-simple"},"_links":{"self":[{"href":"https:\/\/abinox-chr-clim.com\/index.php\/wp-json\/wp\/v2\/product\/71588","targetHints":{"allow":["GET"]}}],"collection":[{"href":"https:\/\/abinox-chr-clim.com\/index.php\/wp-json\/wp\/v2\/product"}],"about":[{"href":"https:\/\/abinox-chr-clim.com\/index.php\/wp-json\/wp\/v2\/types\/product"}],"replies":[{"embeddable":true,"href":"https:\/\/abinox-chr-clim.com\/index.php\/wp-json\/wp\/v2\/comments?post=71588"}],"wp:featuredmedia":[{"embeddable":true,"href":"https:\/\/abinox-chr-clim.com\/index.php\/wp-json\/wp\/v2\/media\/101982"}],"wp:attachment":[{"href":"https:\/\/abinox-chr-clim.com\/index.php\/wp-json\/wp\/v2\/media?parent=71588"}],"wp:term":[{"taxonomy":"product_brand","embeddable":true,"href":"https:\/\/abinox-chr-clim.com\/index.php\/wp-json\/wp\/v2\/product_brand?post=71588"},{"taxonomy":"product_cat","embeddable":true,"href":"https:\/\/abinox-chr-clim.com\/index.php\/wp-json\/wp\/v2\/product_cat?post=71588"},{"taxonomy":"product_tag","embeddable":true,"href":"https:\/\/abinox-chr-clim.com\/index.php\/wp-json\/wp\/v2\/product_tag?post=71588"}],"curies":[{"name":"wp","href":"https:\/\/api.w.org\/{rel}","templated":true}]}}