{"id":71587,"date":"2024-03-22T23:02:06","date_gmt":"2024-03-22T22:02:06","guid":{"rendered":"https:\/\/abinox-chr-clim.com\/index.php\/product\/poubelle-a-roulettes-noire-240l\/"},"modified":"2026-04-13T07:44:02","modified_gmt":"2026-04-13T05:44:02","slug":"poubelle-a-roulettes-noire-240l","status":"publish","type":"product","link":"https:\/\/abinox-chr-clim.com\/index.php\/product\/poubelle-a-roulettes-noire-240l\/","title":{"rendered":"Poubelle \u00e0 roulettes noire 240L"},"content":{"rendered":"<p>Poubelle \u00e0 roulettes adapt\u00e9e \u00e0 un usage domestique et commercial, fabriqu\u00e9e en poly\u00e9thyl\u00e8ne haute densit\u00e9. Robuste mais l\u00e9g\u00e8re. Conteneur \u00e0 d\u00e9chets \u00e9quip\u00e9 de roues arri\u00e8re pour une grande maniabilit\u00e9.<br \/>R\u00e9sistant aux UV, au gel et aux produits chimiques. Roues mont\u00e9es \u00e0 l&rsquo;arri\u00e8re pour une maniabilit\u00e9 facile &#8211; sans frein. R\u00e9sistant aux UV, au gel et aux produits chimiques.<\/p>\n<p>Caract\u00e9ristiques :<br \/> Capacit\u00e9 : 240 L.<br \/> Dimensions : 1065(H) x 580(L) x 735(P) mm.<br \/> Mati\u00e8re : Plastique.<br \/> Couleur : Noir.<\/p>\n","protected":false},"excerpt":{"rendered":"<p>Poubelle \u00e0 roulettes noire 240L<\/p>\n","protected":false},"featured_media":101846,"comment_status":"closed","ping_status":"closed","template":"","meta":[],"product_brand":[],"product_cat":[1217,1296,1219,1216],"product_tag":[],"class_list":{"0":"post-71587","1":"product","2":"type-product","3":"status-publish","4":"has-post-thumbnail","6":"product_cat-collecte-des-dechets","7":"product_cat-palettisable","8":"product_cat-poubelles","9":"product_cat-usage-unique-et-entretien","11":"first","12":"instock","13":"featured","14":"taxable","15":"shipping-taxable","16":"purchasable","17":"product-type-simple"},"_links":{"self":[{"href":"https:\/\/abinox-chr-clim.com\/index.php\/wp-json\/wp\/v2\/product\/71587","targetHints":{"allow":["GET"]}}],"collection":[{"href":"https:\/\/abinox-chr-clim.com\/index.php\/wp-json\/wp\/v2\/product"}],"about":[{"href":"https:\/\/abinox-chr-clim.com\/index.php\/wp-json\/wp\/v2\/types\/product"}],"replies":[{"embeddable":true,"href":"https:\/\/abinox-chr-clim.com\/index.php\/wp-json\/wp\/v2\/comments?post=71587"}],"wp:featuredmedia":[{"embeddable":true,"href":"https:\/\/abinox-chr-clim.com\/index.php\/wp-json\/wp\/v2\/media\/101846"}],"wp:attachment":[{"href":"https:\/\/abinox-chr-clim.com\/index.php\/wp-json\/wp\/v2\/media?parent=71587"}],"wp:term":[{"taxonomy":"product_brand","embeddable":true,"href":"https:\/\/abinox-chr-clim.com\/index.php\/wp-json\/wp\/v2\/product_brand?post=71587"},{"taxonomy":"product_cat","embeddable":true,"href":"https:\/\/abinox-chr-clim.com\/index.php\/wp-json\/wp\/v2\/product_cat?post=71587"},{"taxonomy":"product_tag","embeddable":true,"href":"https:\/\/abinox-chr-clim.com\/index.php\/wp-json\/wp\/v2\/product_tag?post=71587"}],"curies":[{"name":"wp","href":"https:\/\/api.w.org\/{rel}","templated":true}]}}