{"id":71586,"date":"2024-03-22T23:02:06","date_gmt":"2024-03-22T22:02:06","guid":{"rendered":"https:\/\/abinox-chr-clim.com\/index.php\/product\/poubelle-a-pedale-jantex-87l\/"},"modified":"2026-04-13T06:55:44","modified_gmt":"2026-04-13T04:55:44","slug":"poubelle-a-pedale-jantex-87l","status":"publish","type":"product","link":"https:\/\/abinox-chr-clim.com\/index.php\/product\/poubelle-a-pedale-jantex-87l\/","title":{"rendered":"Poubelle \u00e0 p\u00e9dale Jantex 87L"},"content":{"rendered":"<p>Poubelles en polypropyl\u00e8ne r\u00e9sistant avec fonctionnement hygi\u00e9nique \u00e0 p\u00e9dale. Equip\u00e9es de crochets pour maintenir les sacs poubelle et d&rsquo;un couvercle \u00e9tanche pour minimiser les odeurs.<br \/>Le fonctionnement mains libres permet d&rsquo;\u00e9viter la propagation de la contamination.Le couvercle \u00e9tanche contient les odeurs, dissimule les d\u00e9chets et pi\u00e8ge les microbes en suspension dans l&rsquo;air. Les crochets vous permettent de fixer facilement les sacs poubelle. La capacit\u00e9 de 87 litres offre suffisamment de place pour les d\u00e9chets de cuisine ou de salle de bains. La construction en polypropyl\u00e8ne conf\u00e8re \u00e0 la poubelle une grande solidit\u00e9.  Le fonctionnement mains libres permet d&rsquo;\u00e9viter la propagation de la contamination. .<br \/> Caract\u00e9ristiques :<br \/> Capacit\u00e9 : 87L.<br \/> Dimensions : 820(H) x 495(L) x 400(P)mm.<br \/> Mati\u00e8re : Polypropyl\u00e8ne.<br \/> Couleur : Beige.<\/p>\n","protected":false},"excerpt":{"rendered":"<p>Poubelle \u00e0 p\u00e9dale Jantex 87L<\/p>\n","protected":false},"featured_media":101833,"comment_status":"closed","ping_status":"closed","template":"","meta":[],"product_brand":[],"product_cat":[1217,1297,1219,1216],"product_tag":[],"class_list":{"0":"post-71586","1":"product","2":"type-product","3":"status-publish","4":"has-post-thumbnail","6":"product_cat-collecte-des-dechets","7":"product_cat-non-palettisable","8":"product_cat-poubelles","9":"product_cat-usage-unique-et-entretien","10":"product_shipping_class-free-shipping","12":"first","13":"instock","14":"featured","15":"taxable","16":"shipping-taxable","17":"purchasable","18":"product-type-simple"},"_links":{"self":[{"href":"https:\/\/abinox-chr-clim.com\/index.php\/wp-json\/wp\/v2\/product\/71586","targetHints":{"allow":["GET"]}}],"collection":[{"href":"https:\/\/abinox-chr-clim.com\/index.php\/wp-json\/wp\/v2\/product"}],"about":[{"href":"https:\/\/abinox-chr-clim.com\/index.php\/wp-json\/wp\/v2\/types\/product"}],"replies":[{"embeddable":true,"href":"https:\/\/abinox-chr-clim.com\/index.php\/wp-json\/wp\/v2\/comments?post=71586"}],"wp:featuredmedia":[{"embeddable":true,"href":"https:\/\/abinox-chr-clim.com\/index.php\/wp-json\/wp\/v2\/media\/101833"}],"wp:attachment":[{"href":"https:\/\/abinox-chr-clim.com\/index.php\/wp-json\/wp\/v2\/media?parent=71586"}],"wp:term":[{"taxonomy":"product_brand","embeddable":true,"href":"https:\/\/abinox-chr-clim.com\/index.php\/wp-json\/wp\/v2\/product_brand?post=71586"},{"taxonomy":"product_cat","embeddable":true,"href":"https:\/\/abinox-chr-clim.com\/index.php\/wp-json\/wp\/v2\/product_cat?post=71586"},{"taxonomy":"product_tag","embeddable":true,"href":"https:\/\/abinox-chr-clim.com\/index.php\/wp-json\/wp\/v2\/product_tag?post=71586"}],"curies":[{"name":"wp","href":"https:\/\/api.w.org\/{rel}","templated":true}]}}