{"id":71584,"date":"2024-03-22T23:02:05","date_gmt":"2024-03-22T22:02:05","guid":{"rendered":"https:\/\/abinox-chr-clim.com\/index.php\/product\/poubelle-a-pedale-jantex-45l\/"},"modified":"2026-04-13T06:55:42","modified_gmt":"2026-04-13T04:55:42","slug":"poubelle-a-pedale-jantex-45l","status":"publish","type":"product","link":"https:\/\/abinox-chr-clim.com\/index.php\/product\/poubelle-a-pedale-jantex-45l\/","title":{"rendered":"Poubelle \u00e0 p\u00e9dale Jantex 45L"},"content":{"rendered":"<p>Poubelles en polypropyl\u00e8ne r\u00e9sistant avec fonctionnement hygi\u00e9nique \u00e0 p\u00e9dale. Equip\u00e9es de crochets pour maintenir les sacs poubelle et d&rsquo;un couvercle \u00e9tanche pour minimiser les odeurs.<br \/>Utilisation sans mains gr\u00e2ce \u00e0 la p\u00e9dale. Crochets pour maintenir les sacs poubelle. Couvercle herm\u00e9tique. Utilisation sans mains gr\u00e2ce \u00e0 la p\u00e9dale.<\/p>\n<p>Caract\u00e9ristiques :<br \/> Capacit\u00e9 : 45L.<br \/> Dimensions : 600(H) x 405(L) x 395(P)mm.<br \/> Mati\u00e8re : Polypropyl\u00e8ne.<br \/> Couleur : Beige.<\/p>\n","protected":false},"excerpt":{"rendered":"<p>Poubelle \u00e0 p\u00e9dale Jantex 45L<\/p>\n","protected":false},"featured_media":101831,"comment_status":"closed","ping_status":"closed","template":"","meta":[],"product_brand":[],"product_cat":[1217,1297,1219,1216],"product_tag":[],"class_list":{"0":"post-71584","1":"product","2":"type-product","3":"status-publish","4":"has-post-thumbnail","6":"product_cat-collecte-des-dechets","7":"product_cat-non-palettisable","8":"product_cat-poubelles","9":"product_cat-usage-unique-et-entretien","10":"product_shipping_class-free-shipping","12":"first","13":"instock","14":"featured","15":"taxable","16":"shipping-taxable","17":"purchasable","18":"product-type-simple"},"_links":{"self":[{"href":"https:\/\/abinox-chr-clim.com\/index.php\/wp-json\/wp\/v2\/product\/71584","targetHints":{"allow":["GET"]}}],"collection":[{"href":"https:\/\/abinox-chr-clim.com\/index.php\/wp-json\/wp\/v2\/product"}],"about":[{"href":"https:\/\/abinox-chr-clim.com\/index.php\/wp-json\/wp\/v2\/types\/product"}],"replies":[{"embeddable":true,"href":"https:\/\/abinox-chr-clim.com\/index.php\/wp-json\/wp\/v2\/comments?post=71584"}],"wp:featuredmedia":[{"embeddable":true,"href":"https:\/\/abinox-chr-clim.com\/index.php\/wp-json\/wp\/v2\/media\/101831"}],"wp:attachment":[{"href":"https:\/\/abinox-chr-clim.com\/index.php\/wp-json\/wp\/v2\/media?parent=71584"}],"wp:term":[{"taxonomy":"product_brand","embeddable":true,"href":"https:\/\/abinox-chr-clim.com\/index.php\/wp-json\/wp\/v2\/product_brand?post=71584"},{"taxonomy":"product_cat","embeddable":true,"href":"https:\/\/abinox-chr-clim.com\/index.php\/wp-json\/wp\/v2\/product_cat?post=71584"},{"taxonomy":"product_tag","embeddable":true,"href":"https:\/\/abinox-chr-clim.com\/index.php\/wp-json\/wp\/v2\/product_tag?post=71584"}],"curies":[{"name":"wp","href":"https:\/\/api.w.org\/{rel}","templated":true}]}}