{"id":71583,"date":"2024-03-22T23:02:05","date_gmt":"2024-03-22T22:02:05","guid":{"rendered":"https:\/\/abinox-chr-clim.com\/index.php\/product\/poubelle-a-pedale-en-acier-inoxydable-noire-20l\/"},"modified":"2026-04-13T06:31:08","modified_gmt":"2026-04-13T04:31:08","slug":"poubelle-a-pedale-en-acier-inoxydable-noire-20l","status":"publish","type":"product","link":"https:\/\/abinox-chr-clim.com\/index.php\/product\/poubelle-a-pedale-en-acier-inoxydable-noire-20l\/","title":{"rendered":"Poubelle \u00e0 p\u00e9dale en acier inoxydable noire 20L"},"content":{"rendered":"<p>M\u00e9canisme d&rsquo;ouverture durable. Id\u00e9ale pour les chambres d&rsquo;h\u00f4tel et salles de bain. M\u00e9canisme d&rsquo;ouverture \u00e0 p\u00e9dale. Ext\u00e9rieur facile \u00e0 nettoyer. Construction inox robuste.  M\u00e9canisme d&rsquo;ouverture durable.<\/p>\n<p>Caract\u00e9ristiques :<br \/> Capacit\u00e9 : 20L.<br \/> Dimensions : 448(H) x 293(\u00d8)mm.<br \/> Mati\u00e8re : Acier inoxydable.<br \/> Couleur : Noir.<\/p>\n","protected":false},"excerpt":{"rendered":"<p>Poubelle \u00e0 p\u00e9dale en acier inoxydable noire 20L<\/p>\n","protected":false},"featured_media":101684,"comment_status":"closed","ping_status":"closed","template":"","meta":[],"product_brand":[],"product_cat":[1217,1297,1219,1216],"product_tag":[],"class_list":{"0":"post-71583","1":"product","2":"type-product","3":"status-publish","4":"has-post-thumbnail","6":"product_cat-collecte-des-dechets","7":"product_cat-non-palettisable","8":"product_cat-poubelles","9":"product_cat-usage-unique-et-entretien","10":"product_shipping_class-free-shipping","12":"first","13":"instock","14":"featured","15":"taxable","16":"shipping-taxable","17":"purchasable","18":"product-type-simple"},"_links":{"self":[{"href":"https:\/\/abinox-chr-clim.com\/index.php\/wp-json\/wp\/v2\/product\/71583","targetHints":{"allow":["GET"]}}],"collection":[{"href":"https:\/\/abinox-chr-clim.com\/index.php\/wp-json\/wp\/v2\/product"}],"about":[{"href":"https:\/\/abinox-chr-clim.com\/index.php\/wp-json\/wp\/v2\/types\/product"}],"replies":[{"embeddable":true,"href":"https:\/\/abinox-chr-clim.com\/index.php\/wp-json\/wp\/v2\/comments?post=71583"}],"wp:featuredmedia":[{"embeddable":true,"href":"https:\/\/abinox-chr-clim.com\/index.php\/wp-json\/wp\/v2\/media\/101684"}],"wp:attachment":[{"href":"https:\/\/abinox-chr-clim.com\/index.php\/wp-json\/wp\/v2\/media?parent=71583"}],"wp:term":[{"taxonomy":"product_brand","embeddable":true,"href":"https:\/\/abinox-chr-clim.com\/index.php\/wp-json\/wp\/v2\/product_brand?post=71583"},{"taxonomy":"product_cat","embeddable":true,"href":"https:\/\/abinox-chr-clim.com\/index.php\/wp-json\/wp\/v2\/product_cat?post=71583"},{"taxonomy":"product_tag","embeddable":true,"href":"https:\/\/abinox-chr-clim.com\/index.php\/wp-json\/wp\/v2\/product_tag?post=71583"}],"curies":[{"name":"wp","href":"https:\/\/api.w.org\/{rel}","templated":true}]}}