{"id":71580,"date":"2024-03-22T23:02:04","date_gmt":"2024-03-22T22:02:04","guid":{"rendered":"https:\/\/abinox-chr-clim.com\/index.php\/product\/poubelle-a-battant-en-inox-push-brabantia-60l\/"},"modified":"2025-07-18T09:25:19","modified_gmt":"2025-07-18T07:25:19","slug":"poubelle-a-battant-en-inox-push-brabantia-60l","status":"publish","type":"product","link":"https:\/\/abinox-chr-clim.com\/index.php\/product\/poubelle-a-battant-en-inox-push-brabantia-60l\/","title":{"rendered":"Poubelle \u00e0 battant en inox Push Brabantia 60L"},"content":{"rendered":"<p>Poubelle avec ouverture extra large pour \u00e9viter les d\u00e9versements, avec un battant \u00e0 ressort doux pour contenir les odeurs des d\u00e9chets. Grand volume de stockage.<br \/>Large ouverture. Socle anti-rayures. Couvercle dot\u00e9 d&rsquo;amortisseurs en caoutchouc. Large ouverture.<\/p>\n<p>Caract\u00e9ristiques :<br \/> Capacit\u00e9 : 60L.<br \/> Dimensions : 810(H) x 400(\u00d8)mm.<br \/> Mati\u00e8re : Inox.<br \/> Couleur : Noir et argent\u00e9.<\/p>\n","protected":false},"excerpt":{"rendered":"<p>Poubelle \u00e0 battant en inox Push Brabantia 60L<\/p>\n","protected":false},"featured_media":101573,"comment_status":"closed","ping_status":"closed","template":"","meta":[],"product_brand":[],"product_cat":[1217,1297,1219,1216],"product_tag":[],"class_list":{"0":"post-71580","1":"product","2":"type-product","3":"status-publish","4":"has-post-thumbnail","6":"product_cat-collecte-des-dechets","7":"product_cat-non-palettisable","8":"product_cat-poubelles","9":"product_cat-usage-unique-et-entretien","10":"product_shipping_class-free-shipping","12":"first","13":"outofstock","14":"featured","15":"taxable","16":"shipping-taxable","17":"purchasable","18":"product-type-simple"},"_links":{"self":[{"href":"https:\/\/abinox-chr-clim.com\/index.php\/wp-json\/wp\/v2\/product\/71580","targetHints":{"allow":["GET"]}}],"collection":[{"href":"https:\/\/abinox-chr-clim.com\/index.php\/wp-json\/wp\/v2\/product"}],"about":[{"href":"https:\/\/abinox-chr-clim.com\/index.php\/wp-json\/wp\/v2\/types\/product"}],"replies":[{"embeddable":true,"href":"https:\/\/abinox-chr-clim.com\/index.php\/wp-json\/wp\/v2\/comments?post=71580"}],"wp:featuredmedia":[{"embeddable":true,"href":"https:\/\/abinox-chr-clim.com\/index.php\/wp-json\/wp\/v2\/media\/101573"}],"wp:attachment":[{"href":"https:\/\/abinox-chr-clim.com\/index.php\/wp-json\/wp\/v2\/media?parent=71580"}],"wp:term":[{"taxonomy":"product_brand","embeddable":true,"href":"https:\/\/abinox-chr-clim.com\/index.php\/wp-json\/wp\/v2\/product_brand?post=71580"},{"taxonomy":"product_cat","embeddable":true,"href":"https:\/\/abinox-chr-clim.com\/index.php\/wp-json\/wp\/v2\/product_cat?post=71580"},{"taxonomy":"product_tag","embeddable":true,"href":"https:\/\/abinox-chr-clim.com\/index.php\/wp-json\/wp\/v2\/product_tag?post=71580"}],"curies":[{"name":"wp","href":"https:\/\/api.w.org\/{rel}","templated":true}]}}