{"id":71579,"date":"2024-03-22T23:02:04","date_gmt":"2024-03-22T22:02:04","guid":{"rendered":"https:\/\/abinox-chr-clim.com\/index.php\/product\/poubelle-a-pedale-frontale-inox-rubbermaid-slim-jim-90l\/"},"modified":"2026-04-02T09:23:49","modified_gmt":"2026-04-02T07:23:49","slug":"poubelle-a-pedale-frontale-inox-rubbermaid-slim-jim-90l","status":"publish","type":"product","link":"https:\/\/abinox-chr-clim.com\/index.php\/product\/poubelle-a-pedale-frontale-inox-rubbermaid-slim-jim-90l\/","title":{"rendered":"Poubelle \u00e0 p\u00e9dale frontale inox Rubbermaid Slim Jim 90L"},"content":{"rendered":"<p>Plus d&rsquo;espace pour la p\u00e9dale pour en faciliter l&rsquo;acc\u00e8s et l&rsquo;utilisation. Couvercle silencieux pour r\u00e9duire le niveau de bruit. P\u00e9dale professionnelle assurant un cycle de vie de longue dur\u00e9e au produit. Charni\u00e8re int\u00e9rieure pour \u00e9viter d&rsquo;endommager les murs. Certifi\u00e9e T\u00dcV. Acier inoxydable anti-traces &#8211; facile \u00e0 nettoyer. Bac rigide fourni.Plus d&rsquo;espace pour la p\u00e9dale pour en faciliter l&rsquo;acc\u00e8s et l&rsquo;utilisation.<\/p>\n<p>Caract\u00e9ristiques :<br \/> Capacit\u00e9 : 90L.<br \/> Dimensions : 834(H) x 333(L) x 690(P)mm.<br \/> Mati\u00e8re : Acier inoxydable<\/p>\n","protected":false},"excerpt":{"rendered":"<p>Poubelle \u00e0 p\u00e9dale frontale inox Rubbermaid Slim Jim 90L<\/p>\n","protected":false},"featured_media":101358,"comment_status":"closed","ping_status":"closed","template":"","meta":[],"product_brand":[],"product_cat":[1217,1296,1219,1216],"product_tag":[],"class_list":{"0":"post-71579","1":"product","2":"type-product","3":"status-publish","4":"has-post-thumbnail","6":"product_cat-collecte-des-dechets","7":"product_cat-palettisable","8":"product_cat-poubelles","9":"product_cat-usage-unique-et-entretien","11":"first","12":"instock","13":"featured","14":"taxable","15":"shipping-taxable","16":"purchasable","17":"product-type-simple"},"_links":{"self":[{"href":"https:\/\/abinox-chr-clim.com\/index.php\/wp-json\/wp\/v2\/product\/71579","targetHints":{"allow":["GET"]}}],"collection":[{"href":"https:\/\/abinox-chr-clim.com\/index.php\/wp-json\/wp\/v2\/product"}],"about":[{"href":"https:\/\/abinox-chr-clim.com\/index.php\/wp-json\/wp\/v2\/types\/product"}],"replies":[{"embeddable":true,"href":"https:\/\/abinox-chr-clim.com\/index.php\/wp-json\/wp\/v2\/comments?post=71579"}],"wp:featuredmedia":[{"embeddable":true,"href":"https:\/\/abinox-chr-clim.com\/index.php\/wp-json\/wp\/v2\/media\/101358"}],"wp:attachment":[{"href":"https:\/\/abinox-chr-clim.com\/index.php\/wp-json\/wp\/v2\/media?parent=71579"}],"wp:term":[{"taxonomy":"product_brand","embeddable":true,"href":"https:\/\/abinox-chr-clim.com\/index.php\/wp-json\/wp\/v2\/product_brand?post=71579"},{"taxonomy":"product_cat","embeddable":true,"href":"https:\/\/abinox-chr-clim.com\/index.php\/wp-json\/wp\/v2\/product_cat?post=71579"},{"taxonomy":"product_tag","embeddable":true,"href":"https:\/\/abinox-chr-clim.com\/index.php\/wp-json\/wp\/v2\/product_tag?post=71579"}],"curies":[{"name":"wp","href":"https:\/\/api.w.org\/{rel}","templated":true}]}}