{"id":71573,"date":"2024-03-22T23:02:01","date_gmt":"2024-03-22T22:02:01","guid":{"rendered":"https:\/\/abinox-chr-clim.com\/index.php\/product\/poubelle-a-pedale-frontale-rubbermaid-slim-jim-grise-50l\/"},"modified":"2025-11-11T10:14:55","modified_gmt":"2025-11-11T09:14:55","slug":"poubelle-a-pedale-frontale-rubbermaid-slim-jim-grise-50l","status":"publish","type":"product","link":"https:\/\/abinox-chr-clim.com\/index.php\/product\/poubelle-a-pedale-frontale-rubbermaid-slim-jim-grise-50l\/","title":{"rendered":"Poubelle \u00e0 p\u00e9dale frontale Rubbermaid Slim Jim grise 50L"},"content":{"rendered":"<p>Utilisation mains libres hygi\u00e9nique et s\u00fbre. Encombrement r\u00e9duit pour un gain de place. Couvercle \u00e0 fermeture amortie silencieuse. La p\u00e9dale durable de qualit\u00e9 commerciale assure une longue dur\u00e9e de vie du produit. Le bord renforc\u00e9 solide r\u00e9siste \u00e0 l&rsquo;\u00e9crasement. Charni\u00e8res int\u00e9rieures limitant l&rsquo;endommagement des murs. La bande de retenue maintient solidement les sacs poubelles en place.Utilisation mains libres hygi\u00e9nique et s\u00fbre.<\/p>\n<p>Caract\u00e9ristiques :<br \/> Capacit\u00e9 : 50 L.<br \/> Dimensions : 719(H) x 292(L) x 456(P) mm.<br \/> Mati\u00e8re : Poly\u00e9thyl\u00e8ne.<br \/> Couleur : Gris.<\/p>\n","protected":false},"excerpt":{"rendered":"<p>Poubelle \u00e0 p\u00e9dale frontale Rubbermaid Slim Jim grise 50L<\/p>\n","protected":false},"featured_media":96550,"comment_status":"closed","ping_status":"closed","template":"","meta":[],"product_brand":[],"product_cat":[1217,1297,1219,1216],"product_tag":[],"class_list":{"0":"post-71573","1":"product","2":"type-product","3":"status-publish","4":"has-post-thumbnail","6":"product_cat-collecte-des-dechets","7":"product_cat-non-palettisable","8":"product_cat-poubelles","9":"product_cat-usage-unique-et-entretien","10":"product_shipping_class-free-shipping","12":"first","13":"outofstock","14":"featured","15":"taxable","16":"shipping-taxable","17":"purchasable","18":"product-type-simple"},"_links":{"self":[{"href":"https:\/\/abinox-chr-clim.com\/index.php\/wp-json\/wp\/v2\/product\/71573","targetHints":{"allow":["GET"]}}],"collection":[{"href":"https:\/\/abinox-chr-clim.com\/index.php\/wp-json\/wp\/v2\/product"}],"about":[{"href":"https:\/\/abinox-chr-clim.com\/index.php\/wp-json\/wp\/v2\/types\/product"}],"replies":[{"embeddable":true,"href":"https:\/\/abinox-chr-clim.com\/index.php\/wp-json\/wp\/v2\/comments?post=71573"}],"wp:featuredmedia":[{"embeddable":true,"href":"https:\/\/abinox-chr-clim.com\/index.php\/wp-json\/wp\/v2\/media\/96550"}],"wp:attachment":[{"href":"https:\/\/abinox-chr-clim.com\/index.php\/wp-json\/wp\/v2\/media?parent=71573"}],"wp:term":[{"taxonomy":"product_brand","embeddable":true,"href":"https:\/\/abinox-chr-clim.com\/index.php\/wp-json\/wp\/v2\/product_brand?post=71573"},{"taxonomy":"product_cat","embeddable":true,"href":"https:\/\/abinox-chr-clim.com\/index.php\/wp-json\/wp\/v2\/product_cat?post=71573"},{"taxonomy":"product_tag","embeddable":true,"href":"https:\/\/abinox-chr-clim.com\/index.php\/wp-json\/wp\/v2\/product_tag?post=71573"}],"curies":[{"name":"wp","href":"https:\/\/api.w.org\/{rel}","templated":true}]}}