{"id":71567,"date":"2024-03-22T23:01:56","date_gmt":"2024-03-22T22:01:56","guid":{"rendered":"https:\/\/abinox-chr-clim.com\/index.php\/product\/poubelle-de-cuisine-a-pedale-jantex-rouge-65l\/"},"modified":"2026-04-15T09:42:03","modified_gmt":"2026-04-15T07:42:03","slug":"poubelle-de-cuisine-a-pedale-jantex-rouge-65l","status":"publish","type":"product","link":"https:\/\/abinox-chr-clim.com\/index.php\/product\/poubelle-de-cuisine-a-pedale-jantex-rouge-65l\/","title":{"rendered":"Poubelle de cuisine \u00e0 p\u00e9dale Jantex rouge 65L"},"content":{"rendered":"<p>\u00c9vitez de transf\u00e9rer les bact\u00e9ries de votre poubelle \u00e0 vos surfaces de cuisine ou aliments avec ces poubelles mains libres dot\u00e9es d&rsquo;une p\u00e9dale. Conservez une cuisine sans d\u00e9chets, et minimisez les odeurs d\u00e9sagr\u00e9ables gr\u00e2ce au couvercle herm\u00e9tique.<br \/>Op\u00e9ration mains libres \u00e0 p\u00e9dale. Crochets pour fixer les sacs poubelle. Couvercle herm\u00e9tique. Op\u00e9ration mains libres \u00e0 p\u00e9dale.<\/p>\n<p>Caract\u00e9ristiques :<br \/> Capacit\u00e9 : 65L.<br \/> Dimensions : 670(H) x 495(L) x 400(P)mm.<br \/> Mati\u00e8re : Polypropyl\u00e8ne.<br \/> Couleur : Rouge.<\/p>\n","protected":false},"excerpt":{"rendered":"<p>Poubelle de cuisine \u00e0 p\u00e9dale Jantex rouge 65L<\/p>\n","protected":false},"featured_media":90619,"comment_status":"closed","ping_status":"closed","template":"","meta":[],"product_brand":[],"product_cat":[1217,1297,1219,1216],"product_tag":[],"class_list":{"0":"post-71567","1":"product","2":"type-product","3":"status-publish","4":"has-post-thumbnail","6":"product_cat-collecte-des-dechets","7":"product_cat-non-palettisable","8":"product_cat-poubelles","9":"product_cat-usage-unique-et-entretien","10":"product_shipping_class-free-shipping","12":"first","13":"instock","14":"featured","15":"taxable","16":"shipping-taxable","17":"purchasable","18":"product-type-simple"},"_links":{"self":[{"href":"https:\/\/abinox-chr-clim.com\/index.php\/wp-json\/wp\/v2\/product\/71567","targetHints":{"allow":["GET"]}}],"collection":[{"href":"https:\/\/abinox-chr-clim.com\/index.php\/wp-json\/wp\/v2\/product"}],"about":[{"href":"https:\/\/abinox-chr-clim.com\/index.php\/wp-json\/wp\/v2\/types\/product"}],"replies":[{"embeddable":true,"href":"https:\/\/abinox-chr-clim.com\/index.php\/wp-json\/wp\/v2\/comments?post=71567"}],"wp:featuredmedia":[{"embeddable":true,"href":"https:\/\/abinox-chr-clim.com\/index.php\/wp-json\/wp\/v2\/media\/90619"}],"wp:attachment":[{"href":"https:\/\/abinox-chr-clim.com\/index.php\/wp-json\/wp\/v2\/media?parent=71567"}],"wp:term":[{"taxonomy":"product_brand","embeddable":true,"href":"https:\/\/abinox-chr-clim.com\/index.php\/wp-json\/wp\/v2\/product_brand?post=71567"},{"taxonomy":"product_cat","embeddable":true,"href":"https:\/\/abinox-chr-clim.com\/index.php\/wp-json\/wp\/v2\/product_cat?post=71567"},{"taxonomy":"product_tag","embeddable":true,"href":"https:\/\/abinox-chr-clim.com\/index.php\/wp-json\/wp\/v2\/product_tag?post=71567"}],"curies":[{"name":"wp","href":"https:\/\/api.w.org\/{rel}","templated":true}]}}