{"id":71564,"date":"2024-03-22T23:01:55","date_gmt":"2024-03-22T22:01:55","guid":{"rendered":"https:\/\/abinox-chr-clim.com\/index.php\/product\/poubelle-dome-ouverte-en-acier-bolero-noire-40l\/"},"modified":"2026-04-15T09:51:30","modified_gmt":"2026-04-15T07:51:30","slug":"poubelle-dome-ouverte-en-acier-bolero-noire-40l","status":"publish","type":"product","link":"https:\/\/abinox-chr-clim.com\/index.php\/product\/poubelle-dome-ouverte-en-acier-bolero-noire-40l\/","title":{"rendered":"Poubelle d\u00f4me ouverte en acier Bolero noire 40L"},"content":{"rendered":"<p>Poubelle en acier, coloris noir mat poudr\u00e9. Petite ouverture au sommet pratique et hygi\u00e9nique.<br \/>Une plus petite ouverture permet d&rsquo;\u00e9viter l&rsquo;introduction de d\u00e9chets trop volumineux. Bac int\u00e9rieur en acier galvanis\u00e9. Protection en caoutchouc sur la base de la poubelle pour prot\u00e9ger le sol. Finition mate \u00e9l\u00e9gante. Facile \u00e0 nettoyer. L&rsquo;ouverture sur le dessus permet de jeter les d\u00e9chets sans toucher les parois et maintenir les normes d&rsquo;hygi\u00e8ne. Acier inoxydable.Une plus petite ouverture permet d&rsquo;\u00e9viter l&rsquo;introduction de d\u00e9chets trop volumineux.<\/p>\n<p>Caract\u00e9ristiques :<br \/> Capacit\u00e9 : 40L.<br \/> Dimensions : 720(H) mm.<br \/> Mati\u00e8re : Inox et acier rev\u00eatement poudr\u00e9.<br \/> Couleur : Noir.<\/p>\n","protected":false},"excerpt":{"rendered":"<p>Poubelle d\u00f4me ouverte en acier Bolero noire 40L<\/p>\n","protected":false},"featured_media":88890,"comment_status":"closed","ping_status":"closed","template":"","meta":[],"product_brand":[],"product_cat":[1217,1297,1219,1216],"product_tag":[],"class_list":{"0":"post-71564","1":"product","2":"type-product","3":"status-publish","4":"has-post-thumbnail","6":"product_cat-collecte-des-dechets","7":"product_cat-non-palettisable","8":"product_cat-poubelles","9":"product_cat-usage-unique-et-entretien","10":"product_shipping_class-free-shipping","12":"first","13":"instock","14":"featured","15":"taxable","16":"shipping-taxable","17":"purchasable","18":"product-type-simple"},"_links":{"self":[{"href":"https:\/\/abinox-chr-clim.com\/index.php\/wp-json\/wp\/v2\/product\/71564","targetHints":{"allow":["GET"]}}],"collection":[{"href":"https:\/\/abinox-chr-clim.com\/index.php\/wp-json\/wp\/v2\/product"}],"about":[{"href":"https:\/\/abinox-chr-clim.com\/index.php\/wp-json\/wp\/v2\/types\/product"}],"replies":[{"embeddable":true,"href":"https:\/\/abinox-chr-clim.com\/index.php\/wp-json\/wp\/v2\/comments?post=71564"}],"wp:featuredmedia":[{"embeddable":true,"href":"https:\/\/abinox-chr-clim.com\/index.php\/wp-json\/wp\/v2\/media\/88890"}],"wp:attachment":[{"href":"https:\/\/abinox-chr-clim.com\/index.php\/wp-json\/wp\/v2\/media?parent=71564"}],"wp:term":[{"taxonomy":"product_brand","embeddable":true,"href":"https:\/\/abinox-chr-clim.com\/index.php\/wp-json\/wp\/v2\/product_brand?post=71564"},{"taxonomy":"product_cat","embeddable":true,"href":"https:\/\/abinox-chr-clim.com\/index.php\/wp-json\/wp\/v2\/product_cat?post=71564"},{"taxonomy":"product_tag","embeddable":true,"href":"https:\/\/abinox-chr-clim.com\/index.php\/wp-json\/wp\/v2\/product_tag?post=71564"}],"curies":[{"name":"wp","href":"https:\/\/api.w.org\/{rel}","templated":true}]}}