{"id":71558,"date":"2024-03-22T23:01:53","date_gmt":"2024-03-22T22:01:53","guid":{"rendered":"https:\/\/abinox-chr-clim.com\/index.php\/product\/poubelle-a-pedale-frontale-large-slim-jim-step-on-rubbermaid-jaune-68l\/"},"modified":"2026-04-15T09:41:49","modified_gmt":"2026-04-15T07:41:49","slug":"poubelle-a-pedale-frontale-large-slim-jim-step-on-rubbermaid-jaune-68l","status":"publish","type":"product","link":"https:\/\/abinox-chr-clim.com\/index.php\/product\/poubelle-a-pedale-frontale-large-slim-jim-step-on-rubbermaid-jaune-68l\/","title":{"rendered":"Poubelle \u00e0 p\u00e9dale frontale large Slim Jim Step-On Rubbermaid jaune 68L"},"content":{"rendered":"<p>Encombrement r\u00e9duit. Couvercle \u00e0 fermeture silencieuse. M\u00e9canisme en retrait prot\u00e9geant murs et \u00e9quipements \u00e0 proximit\u00e9. Bande de retenue pour maintenir le sac en place. Certifi\u00e9 T\u00dcV.  Encombrement r\u00e9duit.<\/p>\n<p>Caract\u00e9ristiques :<br \/> Capacit\u00e9 : 68L.<br \/> Dimensions : 802,6(H) x 499,6(L) x 310,6(P) mm.<br \/> Mati\u00e8re : Plastique.<br \/> Couleur : Jaune.<\/p>\n","protected":false},"excerpt":{"rendered":"<p>Poubelle \u00e0 p\u00e9dale frontale large Slim Jim Step-On Rubbermaid jaune 68L<\/p>\n","protected":false},"featured_media":89031,"comment_status":"closed","ping_status":"closed","template":"","meta":[],"product_brand":[],"product_cat":[1217,1297,1219,1216],"product_tag":[],"class_list":{"0":"post-71558","1":"product","2":"type-product","3":"status-publish","4":"has-post-thumbnail","6":"product_cat-collecte-des-dechets","7":"product_cat-non-palettisable","8":"product_cat-poubelles","9":"product_cat-usage-unique-et-entretien","10":"product_shipping_class-free-shipping","12":"first","13":"instock","14":"featured","15":"taxable","16":"shipping-taxable","17":"purchasable","18":"product-type-simple"},"_links":{"self":[{"href":"https:\/\/abinox-chr-clim.com\/index.php\/wp-json\/wp\/v2\/product\/71558","targetHints":{"allow":["GET"]}}],"collection":[{"href":"https:\/\/abinox-chr-clim.com\/index.php\/wp-json\/wp\/v2\/product"}],"about":[{"href":"https:\/\/abinox-chr-clim.com\/index.php\/wp-json\/wp\/v2\/types\/product"}],"replies":[{"embeddable":true,"href":"https:\/\/abinox-chr-clim.com\/index.php\/wp-json\/wp\/v2\/comments?post=71558"}],"wp:featuredmedia":[{"embeddable":true,"href":"https:\/\/abinox-chr-clim.com\/index.php\/wp-json\/wp\/v2\/media\/89031"}],"wp:attachment":[{"href":"https:\/\/abinox-chr-clim.com\/index.php\/wp-json\/wp\/v2\/media?parent=71558"}],"wp:term":[{"taxonomy":"product_brand","embeddable":true,"href":"https:\/\/abinox-chr-clim.com\/index.php\/wp-json\/wp\/v2\/product_brand?post=71558"},{"taxonomy":"product_cat","embeddable":true,"href":"https:\/\/abinox-chr-clim.com\/index.php\/wp-json\/wp\/v2\/product_cat?post=71558"},{"taxonomy":"product_tag","embeddable":true,"href":"https:\/\/abinox-chr-clim.com\/index.php\/wp-json\/wp\/v2\/product_tag?post=71558"}],"curies":[{"name":"wp","href":"https:\/\/api.w.org\/{rel}","templated":true}]}}