{"id":71556,"date":"2024-03-22T23:01:52","date_gmt":"2024-03-22T22:01:52","guid":{"rendered":"https:\/\/abinox-chr-clim.com\/index.php\/product\/poubelle-a-pedale-frontale-large-slim-jim-step-on-rubbermaid-jaune-50l\/"},"modified":"2025-07-24T19:05:46","modified_gmt":"2025-07-24T17:05:46","slug":"poubelle-a-pedale-frontale-large-slim-jim-step-on-rubbermaid-jaune-50l","status":"publish","type":"product","link":"https:\/\/abinox-chr-clim.com\/index.php\/product\/poubelle-a-pedale-frontale-large-slim-jim-step-on-rubbermaid-jaune-50l\/","title":{"rendered":"Poubelle \u00e0 p\u00e9dale frontale large Slim Jim Step-On Rubbermaid jaune 50L"},"content":{"rendered":"<p>Optimisez l&rsquo;espace avec ces poubelles mains-libres \u00e0 encombrement r\u00e9duit, minces et discr\u00e8tes. Poss\u00e8dent une p\u00e9dale lat\u00e9rale ultra r\u00e9sistante con\u00e7ue pour une utilisation professionnelle sur la dur\u00e9e et un couvercle \u00e0 fermeture silencieuse parfaitement herm\u00e9tique pour un environnement sain et agr\u00e9able.<br \/>Le fonctionnement mains libres permet d&rsquo;\u00e9viter la propagation de la contamination. Le couvercle herm\u00e9tique retient les odeurs, dissimule les d\u00e9chets et bloque les microbes en suspension dans l&rsquo;air. Le c\u00f4t\u00e9 mince et le faible encombrement vous permettent d&rsquo;\u00e9conomiser de l&rsquo;espace au sol pr\u00e9cieux. La grande capacit\u00e9 de 50 litres offre beaucoup d&rsquo;espace pour les d\u00e9chets de cuisine ou de salle de bain. La construction en poly\u00e9thyl\u00e8ne robuste conf\u00e8re \u00e0 la poubelle une excellente r\u00e9sistance. Le mat\u00e9riau en poly\u00e9thyl\u00e8ne facilite le nettoyage de la poubelle. La conception contr\u00f4l\u00e9e de la fermeture du couvercle minimise le bruit et assure une fermeture silencieuse. M\u00e9canisme en retrait prot\u00e9geant murs et \u00e9quipements \u00e0 proximit\u00e9. La p\u00e9dale robuste peut r\u00e9sister \u00e0 une utilisation constante et rigoureuse. La certification mutuelle de l&rsquo;usine garantit la s\u00e9curit\u00e9 incendie pour la conformit\u00e9 r\u00e9glementaire. Le fonctionnement mains libres permet d&rsquo;\u00e9viter la propagation de la contamination.<\/p>\n<p>Caract\u00e9ristiques :<br \/> Capacit\u00e9 : 50L.<br \/> Dimensions : 720(H) x 527(L) x 343(P)mm.<br \/> Mati\u00e8re : Plastique.<br \/> Couleur : Jaune.<\/p>\n","protected":false},"excerpt":{"rendered":"<p>Poubelle \u00e0 p\u00e9dale frontale large Slim Jim Step-On Rubbermaid jaune 50L<\/p>\n","protected":false},"featured_media":89036,"comment_status":"closed","ping_status":"closed","template":"","meta":[],"product_brand":[],"product_cat":[1217,1297,1219,1216],"product_tag":[],"class_list":{"0":"post-71556","1":"product","2":"type-product","3":"status-publish","4":"has-post-thumbnail","6":"product_cat-collecte-des-dechets","7":"product_cat-non-palettisable","8":"product_cat-poubelles","9":"product_cat-usage-unique-et-entretien","10":"product_shipping_class-free-shipping","12":"first","13":"outofstock","14":"featured","15":"taxable","16":"shipping-taxable","17":"purchasable","18":"product-type-simple"},"_links":{"self":[{"href":"https:\/\/abinox-chr-clim.com\/index.php\/wp-json\/wp\/v2\/product\/71556","targetHints":{"allow":["GET"]}}],"collection":[{"href":"https:\/\/abinox-chr-clim.com\/index.php\/wp-json\/wp\/v2\/product"}],"about":[{"href":"https:\/\/abinox-chr-clim.com\/index.php\/wp-json\/wp\/v2\/types\/product"}],"replies":[{"embeddable":true,"href":"https:\/\/abinox-chr-clim.com\/index.php\/wp-json\/wp\/v2\/comments?post=71556"}],"wp:featuredmedia":[{"embeddable":true,"href":"https:\/\/abinox-chr-clim.com\/index.php\/wp-json\/wp\/v2\/media\/89036"}],"wp:attachment":[{"href":"https:\/\/abinox-chr-clim.com\/index.php\/wp-json\/wp\/v2\/media?parent=71556"}],"wp:term":[{"taxonomy":"product_brand","embeddable":true,"href":"https:\/\/abinox-chr-clim.com\/index.php\/wp-json\/wp\/v2\/product_brand?post=71556"},{"taxonomy":"product_cat","embeddable":true,"href":"https:\/\/abinox-chr-clim.com\/index.php\/wp-json\/wp\/v2\/product_cat?post=71556"},{"taxonomy":"product_tag","embeddable":true,"href":"https:\/\/abinox-chr-clim.com\/index.php\/wp-json\/wp\/v2\/product_tag?post=71556"}],"curies":[{"name":"wp","href":"https:\/\/api.w.org\/{rel}","templated":true}]}}