{"id":71553,"date":"2024-03-22T23:01:51","date_gmt":"2024-03-22T22:01:51","guid":{"rendered":"https:\/\/abinox-chr-clim.com\/index.php\/product\/collecteur-de-recyclage-avec-conduits-daeration-rubbermaid-slim-jim-noir-60l\/"},"modified":"2026-04-15T10:00:14","modified_gmt":"2026-04-15T08:00:14","slug":"collecteur-de-recyclage-avec-conduits-daeration-rubbermaid-slim-jim-noir-60l","status":"publish","type":"product","link":"https:\/\/abinox-chr-clim.com\/index.php\/product\/collecteur-de-recyclage-avec-conduits-daeration-rubbermaid-slim-jim-noir-60l\/","title":{"rendered":"Collecteur de recyclage avec conduits d&rsquo;a\u00e9ration Rubbermaid Slim Jim noir 60L"},"content":{"rendered":"<p>Conduits d&rsquo;a\u00e9ration facilitant de 80 % l&rsquo;extraction des sacs, am\u00e9liorant ainsi la productivit\u00e9 et r\u00e9duisant les risques de blessures. 4 fentes int\u00e9gr\u00e9es permettant de fixer les sacs au bord du collecteur sans faire de n\u0153uds et de les changer rapidement. Poign\u00e9es robustes \u00e0 la base et au bord du collecteur assurant un meilleur contr\u00f4le au moment de le soulever et de le vider. Profil nervur\u00e9 anti-\u00e9crasement et conception embo\u00eetable. Mat\u00e9riaux professionnels de qualit\u00e9 optimale pour assurer une r\u00e9sistance sup\u00e9rieure au produit.  Conduits d&rsquo;a\u00e9ration facilitant de 80 % l&rsquo;extraction des sacs, am\u00e9liorant ainsi la productivit\u00e9 et r\u00e9duisant les risques de blessures.<\/p>\n<p>Caract\u00e9ristiques :<br \/> Capacit\u00e9 : 60 L.<br \/> Dimensions : 635(H) x 558,8(L) x 279,4(P) mm.<br \/> Mati\u00e8re : Plastique.<br \/> Couleur : Noir.<\/p>\n","protected":false},"excerpt":{"rendered":"<p>Collecteur de recyclage avec conduits d&rsquo;a\u00e9ration Rubbermaid Slim Jim noir 60L<\/p>\n","protected":false},"featured_media":85369,"comment_status":"closed","ping_status":"closed","template":"","meta":[],"product_brand":[],"product_cat":[1217,1297,1219,1216],"product_tag":[],"class_list":{"0":"post-71553","1":"product","2":"type-product","3":"status-publish","4":"has-post-thumbnail","6":"product_cat-collecte-des-dechets","7":"product_cat-non-palettisable","8":"product_cat-poubelles","9":"product_cat-usage-unique-et-entretien","10":"product_shipping_class-free-shipping","12":"first","13":"instock","14":"featured","15":"taxable","16":"shipping-taxable","17":"purchasable","18":"product-type-simple"},"_links":{"self":[{"href":"https:\/\/abinox-chr-clim.com\/index.php\/wp-json\/wp\/v2\/product\/71553","targetHints":{"allow":["GET"]}}],"collection":[{"href":"https:\/\/abinox-chr-clim.com\/index.php\/wp-json\/wp\/v2\/product"}],"about":[{"href":"https:\/\/abinox-chr-clim.com\/index.php\/wp-json\/wp\/v2\/types\/product"}],"replies":[{"embeddable":true,"href":"https:\/\/abinox-chr-clim.com\/index.php\/wp-json\/wp\/v2\/comments?post=71553"}],"wp:featuredmedia":[{"embeddable":true,"href":"https:\/\/abinox-chr-clim.com\/index.php\/wp-json\/wp\/v2\/media\/85369"}],"wp:attachment":[{"href":"https:\/\/abinox-chr-clim.com\/index.php\/wp-json\/wp\/v2\/media?parent=71553"}],"wp:term":[{"taxonomy":"product_brand","embeddable":true,"href":"https:\/\/abinox-chr-clim.com\/index.php\/wp-json\/wp\/v2\/product_brand?post=71553"},{"taxonomy":"product_cat","embeddable":true,"href":"https:\/\/abinox-chr-clim.com\/index.php\/wp-json\/wp\/v2\/product_cat?post=71553"},{"taxonomy":"product_tag","embeddable":true,"href":"https:\/\/abinox-chr-clim.com\/index.php\/wp-json\/wp\/v2\/product_tag?post=71553"}],"curies":[{"name":"wp","href":"https:\/\/api.w.org\/{rel}","templated":true}]}}