{"id":71550,"date":"2024-03-22T23:01:50","date_gmt":"2024-03-22T22:01:50","guid":{"rendered":"https:\/\/abinox-chr-clim.com\/index.php\/product\/poubelle-polypropylene-a-couvercle-battant-syr-verte-50l\/"},"modified":"2026-04-15T08:41:50","modified_gmt":"2026-04-15T06:41:50","slug":"poubelle-polypropylene-a-couvercle-battant-syr-verte-50l","status":"publish","type":"product","link":"https:\/\/abinox-chr-clim.com\/index.php\/product\/poubelle-polypropylene-a-couvercle-battant-syr-verte-50l\/","title":{"rendered":"Poubelle polypropyl\u00e8ne \u00e0 couvercle battant SYR verte 50L"},"content":{"rendered":"<p>Poubelles \u00e0 code couleur de 50 litres l\u00e9g\u00e8res et faciles \u00e0 nettoyer.<br \/>L\u00e9g\u00e8re. Facile \u00e0 nettoyer. L\u00e9g\u00e8re.<\/p>\n<p>Caract\u00e9ristiques :<br \/> Capacit\u00e9 : 50L.<br \/> Dimensions : 710(H) x 330(L) x 320(P)mm.<br \/> Mati\u00e8re : Polypropyl\u00e8ne.<br \/> Couleur : Vert.<\/p>\n","protected":false},"excerpt":{"rendered":"<p>Poubelle polypropyl\u00e8ne \u00e0 couvercle battant SYR verte 50L<\/p>\n","protected":false},"featured_media":80765,"comment_status":"closed","ping_status":"closed","template":"","meta":[],"product_brand":[],"product_cat":[1217,1297,1219,1216],"product_tag":[],"class_list":{"0":"post-71550","1":"product","2":"type-product","3":"status-publish","4":"has-post-thumbnail","6":"product_cat-collecte-des-dechets","7":"product_cat-non-palettisable","8":"product_cat-poubelles","9":"product_cat-usage-unique-et-entretien","10":"product_shipping_class-free-shipping","12":"first","13":"outofstock","14":"featured","15":"taxable","16":"shipping-taxable","17":"purchasable","18":"product-type-simple"},"_links":{"self":[{"href":"https:\/\/abinox-chr-clim.com\/index.php\/wp-json\/wp\/v2\/product\/71550","targetHints":{"allow":["GET"]}}],"collection":[{"href":"https:\/\/abinox-chr-clim.com\/index.php\/wp-json\/wp\/v2\/product"}],"about":[{"href":"https:\/\/abinox-chr-clim.com\/index.php\/wp-json\/wp\/v2\/types\/product"}],"replies":[{"embeddable":true,"href":"https:\/\/abinox-chr-clim.com\/index.php\/wp-json\/wp\/v2\/comments?post=71550"}],"wp:featuredmedia":[{"embeddable":true,"href":"https:\/\/abinox-chr-clim.com\/index.php\/wp-json\/wp\/v2\/media\/80765"}],"wp:attachment":[{"href":"https:\/\/abinox-chr-clim.com\/index.php\/wp-json\/wp\/v2\/media?parent=71550"}],"wp:term":[{"taxonomy":"product_brand","embeddable":true,"href":"https:\/\/abinox-chr-clim.com\/index.php\/wp-json\/wp\/v2\/product_brand?post=71550"},{"taxonomy":"product_cat","embeddable":true,"href":"https:\/\/abinox-chr-clim.com\/index.php\/wp-json\/wp\/v2\/product_cat?post=71550"},{"taxonomy":"product_tag","embeddable":true,"href":"https:\/\/abinox-chr-clim.com\/index.php\/wp-json\/wp\/v2\/product_tag?post=71550"}],"curies":[{"name":"wp","href":"https:\/\/api.w.org\/{rel}","templated":true}]}}