{"id":71549,"date":"2024-03-22T23:01:50","date_gmt":"2024-03-22T22:01:50","guid":{"rendered":"https:\/\/abinox-chr-clim.com\/index.php\/product\/poubelle-polypropylene-a-couvercle-battant-syr-jaune-50l\/"},"modified":"2026-04-15T08:41:49","modified_gmt":"2026-04-15T06:41:49","slug":"poubelle-polypropylene-a-couvercle-battant-syr-jaune-50l","status":"publish","type":"product","link":"https:\/\/abinox-chr-clim.com\/index.php\/product\/poubelle-polypropylene-a-couvercle-battant-syr-jaune-50l\/","title":{"rendered":"Poubelle polypropyl\u00e8ne \u00e0 couvercle battant SYR jaune 50L"},"content":{"rendered":"<p>Poubelles \u00e0 code couleur de 50 litres l\u00e9g\u00e8res et faciles \u00e0 nettoyer.<br \/>Le couvercle battant aide \u00e0 minimiser le contact avec la poubelle. Le coloris jaune peut \u00eatre utilis\u00e9 dans un syst\u00e8me de code couleur. La capacit\u00e9 de 50 litres est id\u00e9ale pour les quantit\u00e9s de d\u00e9chets moyennes \u00e0 grandes. La construction en plastique offre une excellente durabilit\u00e9. La conception mince et haute aide \u00e0 maximiser votre espace au sol. Conception facile \u00e0 nettoyer pour une excellente gestion de l&rsquo;hygi\u00e8ne.  Le couvercle battant aide \u00e0 minimiser le contact avec la poubelle.<\/p>\n<p>Caract\u00e9ristiques :<br \/> Capacit\u00e9 : 50L.<br \/> Dimensions : 710(H) x 330(L) x 320(P)mm.<br \/> Mati\u00e8re : Polypropyl\u00e8ne.<br \/> Couleur : Jaune.<\/p>\n","protected":false},"excerpt":{"rendered":"<p>Poubelle polypropyl\u00e8ne \u00e0 couvercle battant SYR jaune 50L<\/p>\n","protected":false},"featured_media":80757,"comment_status":"closed","ping_status":"closed","template":"","meta":[],"product_brand":[],"product_cat":[1217,1297,1219,1216],"product_tag":[],"class_list":{"0":"post-71549","1":"product","2":"type-product","3":"status-publish","4":"has-post-thumbnail","6":"product_cat-collecte-des-dechets","7":"product_cat-non-palettisable","8":"product_cat-poubelles","9":"product_cat-usage-unique-et-entretien","10":"product_shipping_class-free-shipping","12":"first","13":"instock","14":"featured","15":"taxable","16":"shipping-taxable","17":"purchasable","18":"product-type-simple"},"_links":{"self":[{"href":"https:\/\/abinox-chr-clim.com\/index.php\/wp-json\/wp\/v2\/product\/71549","targetHints":{"allow":["GET"]}}],"collection":[{"href":"https:\/\/abinox-chr-clim.com\/index.php\/wp-json\/wp\/v2\/product"}],"about":[{"href":"https:\/\/abinox-chr-clim.com\/index.php\/wp-json\/wp\/v2\/types\/product"}],"replies":[{"embeddable":true,"href":"https:\/\/abinox-chr-clim.com\/index.php\/wp-json\/wp\/v2\/comments?post=71549"}],"wp:featuredmedia":[{"embeddable":true,"href":"https:\/\/abinox-chr-clim.com\/index.php\/wp-json\/wp\/v2\/media\/80757"}],"wp:attachment":[{"href":"https:\/\/abinox-chr-clim.com\/index.php\/wp-json\/wp\/v2\/media?parent=71549"}],"wp:term":[{"taxonomy":"product_brand","embeddable":true,"href":"https:\/\/abinox-chr-clim.com\/index.php\/wp-json\/wp\/v2\/product_brand?post=71549"},{"taxonomy":"product_cat","embeddable":true,"href":"https:\/\/abinox-chr-clim.com\/index.php\/wp-json\/wp\/v2\/product_cat?post=71549"},{"taxonomy":"product_tag","embeddable":true,"href":"https:\/\/abinox-chr-clim.com\/index.php\/wp-json\/wp\/v2\/product_tag?post=71549"}],"curies":[{"name":"wp","href":"https:\/\/api.w.org\/{rel}","templated":true}]}}