{"id":71547,"date":"2024-03-22T23:01:49","date_gmt":"2024-03-22T22:01:49","guid":{"rendered":"https:\/\/abinox-chr-clim.com\/index.php\/product\/borne-cendrier-bolero-35l\/"},"modified":"2026-03-10T09:33:30","modified_gmt":"2026-03-10T08:33:30","slug":"borne-cendrier-bolero-35l","status":"publish","type":"product","link":"https:\/\/abinox-chr-clim.com\/index.php\/product\/borne-cendrier-bolero-35l\/","title":{"rendered":"Borne cendrier Bolero 35L"},"content":{"rendered":"<p>Fabriqu\u00e9e en acier inoxydable 18\/0 finition brillante avec cendrier amovible sur le dessus.<br \/>De grande qualit\u00e9, aspect tr\u00e8s \u00e9l\u00e9gant.Cendrier amovible sur le dessus. De grande qualit\u00e9, aspect tr\u00e8s \u00e9l\u00e9gant. .<br \/> Caract\u00e9ristiques :<br \/> Capacit\u00e9 : 35L.<br \/> Dimensions : 620(H) x 300(\u00d8)mm.<br \/> Mati\u00e8re : Acier inoxydable.<br \/> Couleur : Argent.<\/p>\n","protected":false},"excerpt":{"rendered":"<p>Borne cendrier Bolero 35L<\/p>\n","protected":false},"featured_media":79207,"comment_status":"closed","ping_status":"closed","template":"","meta":[],"product_brand":[],"product_cat":[1217,1297,1219,1216],"product_tag":[],"class_list":{"0":"post-71547","1":"product","2":"type-product","3":"status-publish","4":"has-post-thumbnail","6":"product_cat-collecte-des-dechets","7":"product_cat-non-palettisable","8":"product_cat-poubelles","9":"product_cat-usage-unique-et-entretien","10":"product_shipping_class-free-shipping","12":"first","13":"outofstock","14":"featured","15":"taxable","16":"shipping-taxable","17":"purchasable","18":"product-type-simple"},"_links":{"self":[{"href":"https:\/\/abinox-chr-clim.com\/index.php\/wp-json\/wp\/v2\/product\/71547","targetHints":{"allow":["GET"]}}],"collection":[{"href":"https:\/\/abinox-chr-clim.com\/index.php\/wp-json\/wp\/v2\/product"}],"about":[{"href":"https:\/\/abinox-chr-clim.com\/index.php\/wp-json\/wp\/v2\/types\/product"}],"replies":[{"embeddable":true,"href":"https:\/\/abinox-chr-clim.com\/index.php\/wp-json\/wp\/v2\/comments?post=71547"}],"wp:featuredmedia":[{"embeddable":true,"href":"https:\/\/abinox-chr-clim.com\/index.php\/wp-json\/wp\/v2\/media\/79207"}],"wp:attachment":[{"href":"https:\/\/abinox-chr-clim.com\/index.php\/wp-json\/wp\/v2\/media?parent=71547"}],"wp:term":[{"taxonomy":"product_brand","embeddable":true,"href":"https:\/\/abinox-chr-clim.com\/index.php\/wp-json\/wp\/v2\/product_brand?post=71547"},{"taxonomy":"product_cat","embeddable":true,"href":"https:\/\/abinox-chr-clim.com\/index.php\/wp-json\/wp\/v2\/product_cat?post=71547"},{"taxonomy":"product_tag","embeddable":true,"href":"https:\/\/abinox-chr-clim.com\/index.php\/wp-json\/wp\/v2\/product_tag?post=71547"}],"curies":[{"name":"wp","href":"https:\/\/api.w.org\/{rel}","templated":true}]}}