{"id":71545,"date":"2024-03-22T23:01:49","date_gmt":"2024-03-22T22:01:49","guid":{"rendered":"https:\/\/abinox-chr-clim.com\/index.php\/product\/cendrier-poubelle-carre-bolero\/"},"modified":"2026-04-23T08:51:58","modified_gmt":"2026-04-23T06:51:58","slug":"cendrier-poubelle-carre-bolero","status":"publish","type":"product","link":"https:\/\/abinox-chr-clim.com\/index.php\/product\/cendrier-poubelle-carre-bolero\/","title":{"rendered":"Cendrier poubelle carr\u00e9 Bolero"},"content":{"rendered":"<p>Cendrier poubelle carr\u00e9, id\u00e9al pour les zones fumeurs d&rsquo;ext\u00e9rieur. Dessus amovible pour vider facilement le conteneur int\u00e9rieur ignifuge. Fabriqu\u00e9 \u00e0 partir d&rsquo;acier inoxydable 201.<br \/>Le couvercle amovible permet une vidange rapide et facile. La poubelle int\u00e9rieure ignifuge, facile \u00e0 vider, r\u00e9duit les risques d&rsquo;incendie. La conception profonde emp\u00eache les m\u00e9gots de cigarettes de s&rsquo;\u00e9chapper de la poubelle. Le mat\u00e9riau en acier inoxydable offre une excellente durabilit\u00e9. La couleur m\u00e9tallique conf\u00e8re un aspect discret et \u00e9l\u00e9gant.  Le couvercle amovible permet une vidange rapide et facile.<\/p>\n<p>Caract\u00e9ristiques :<br \/> Capacit\u00e9 : 10 L.<br \/> Dimensions : 200 x 200 x 600 mm.<br \/> Mati\u00e8re : Inox.<br \/> Couleur : Gris.<\/p>\n","protected":false},"excerpt":{"rendered":"<p>Cendrier poubelle carr\u00e9 Bolero<\/p>\n","protected":false},"featured_media":97873,"comment_status":"closed","ping_status":"closed","template":"","meta":[],"product_brand":[],"product_cat":[1218,1217,1297,1216],"product_tag":[],"class_list":{"0":"post-71545","1":"product","2":"type-product","3":"status-publish","4":"has-post-thumbnail","6":"product_cat-cendriers","7":"product_cat-collecte-des-dechets","8":"product_cat-non-palettisable","9":"product_cat-usage-unique-et-entretien","10":"product_shipping_class-free-shipping","12":"first","13":"instock","14":"featured","15":"taxable","16":"shipping-taxable","17":"purchasable","18":"product-type-simple"},"_links":{"self":[{"href":"https:\/\/abinox-chr-clim.com\/index.php\/wp-json\/wp\/v2\/product\/71545","targetHints":{"allow":["GET"]}}],"collection":[{"href":"https:\/\/abinox-chr-clim.com\/index.php\/wp-json\/wp\/v2\/product"}],"about":[{"href":"https:\/\/abinox-chr-clim.com\/index.php\/wp-json\/wp\/v2\/types\/product"}],"replies":[{"embeddable":true,"href":"https:\/\/abinox-chr-clim.com\/index.php\/wp-json\/wp\/v2\/comments?post=71545"}],"wp:featuredmedia":[{"embeddable":true,"href":"https:\/\/abinox-chr-clim.com\/index.php\/wp-json\/wp\/v2\/media\/97873"}],"wp:attachment":[{"href":"https:\/\/abinox-chr-clim.com\/index.php\/wp-json\/wp\/v2\/media?parent=71545"}],"wp:term":[{"taxonomy":"product_brand","embeddable":true,"href":"https:\/\/abinox-chr-clim.com\/index.php\/wp-json\/wp\/v2\/product_brand?post=71545"},{"taxonomy":"product_cat","embeddable":true,"href":"https:\/\/abinox-chr-clim.com\/index.php\/wp-json\/wp\/v2\/product_cat?post=71545"},{"taxonomy":"product_tag","embeddable":true,"href":"https:\/\/abinox-chr-clim.com\/index.php\/wp-json\/wp\/v2\/product_tag?post=71545"}],"curies":[{"name":"wp","href":"https:\/\/api.w.org\/{rel}","templated":true}]}}