{"id":71543,"date":"2024-03-22T23:01:48","date_gmt":"2024-03-22T22:01:48","guid":{"rendered":"https:\/\/abinox-chr-clim.com\/index.php\/product\/cendrier-mural-cylindrique-bolero\/"},"modified":"2026-04-15T08:46:30","modified_gmt":"2026-04-15T06:46:30","slug":"cendrier-mural-cylindrique-bolero","status":"publish","type":"product","link":"https:\/\/abinox-chr-clim.com\/index.php\/product\/cendrier-mural-cylindrique-bolero\/","title":{"rendered":"Cendrier mural cylindrique Bolero"},"content":{"rendered":"<p>Cendrier mural gain de place en forme de tube. Les loquets de verrouillage permettent de le vider facilement tout en le prot\u00e9geant contre le vandalisme et le vol.<br \/>Le tube peut \u00eatre fix\u00e9 au mur pour ne pas prendre de place au sol. Construction en acier inoxydable pour r\u00e9sister \u00e0 toutes les conditions m\u00e9t\u00e9orologiques. Verrouillable pour \u00e9viter les d\u00e9versements accidentels. Vidage facile pour un nettoyage efficace. Conception peu encombrante pour contr\u00f4ler les d\u00e9chets de tabac.  Le tube peut \u00eatre fix\u00e9 au mur pour ne pas prendre de place au sol.<\/p>\n<p>Caract\u00e9ristiques :<br \/> Capacit\u00e9 : 1.7 L.<br \/> Dimensions : 460(H)x 75(\u00d8)mm.<br \/> Mati\u00e8re : Acier inoxydable.<br \/> Couleur : Argent.<\/p>\n","protected":false},"excerpt":{"rendered":"<p>Cendrier mural cylindrique Bolero<\/p>\n","protected":false},"featured_media":83260,"comment_status":"closed","ping_status":"closed","template":"","meta":[],"product_brand":[],"product_cat":[1218,1217,1297,1216],"product_tag":[],"class_list":{"0":"post-71543","1":"product","2":"type-product","3":"status-publish","4":"has-post-thumbnail","6":"product_cat-cendriers","7":"product_cat-collecte-des-dechets","8":"product_cat-non-palettisable","9":"product_cat-usage-unique-et-entretien","10":"product_shipping_class-free-shipping","12":"first","13":"instock","14":"featured","15":"taxable","16":"shipping-taxable","17":"purchasable","18":"product-type-simple"},"_links":{"self":[{"href":"https:\/\/abinox-chr-clim.com\/index.php\/wp-json\/wp\/v2\/product\/71543","targetHints":{"allow":["GET"]}}],"collection":[{"href":"https:\/\/abinox-chr-clim.com\/index.php\/wp-json\/wp\/v2\/product"}],"about":[{"href":"https:\/\/abinox-chr-clim.com\/index.php\/wp-json\/wp\/v2\/types\/product"}],"replies":[{"embeddable":true,"href":"https:\/\/abinox-chr-clim.com\/index.php\/wp-json\/wp\/v2\/comments?post=71543"}],"wp:featuredmedia":[{"embeddable":true,"href":"https:\/\/abinox-chr-clim.com\/index.php\/wp-json\/wp\/v2\/media\/83260"}],"wp:attachment":[{"href":"https:\/\/abinox-chr-clim.com\/index.php\/wp-json\/wp\/v2\/media?parent=71543"}],"wp:term":[{"taxonomy":"product_brand","embeddable":true,"href":"https:\/\/abinox-chr-clim.com\/index.php\/wp-json\/wp\/v2\/product_brand?post=71543"},{"taxonomy":"product_cat","embeddable":true,"href":"https:\/\/abinox-chr-clim.com\/index.php\/wp-json\/wp\/v2\/product_cat?post=71543"},{"taxonomy":"product_tag","embeddable":true,"href":"https:\/\/abinox-chr-clim.com\/index.php\/wp-json\/wp\/v2\/product_tag?post=71543"}],"curies":[{"name":"wp","href":"https:\/\/api.w.org\/{rel}","templated":true}]}}