{"id":71542,"date":"2024-03-22T23:01:47","date_gmt":"2024-03-22T22:01:47","guid":{"rendered":"https:\/\/abinox-chr-clim.com\/index.php\/product\/cendrier-mural-bolero\/"},"modified":"2026-04-15T08:44:22","modified_gmt":"2026-04-15T06:44:22","slug":"cendrier-mural-bolero","status":"publish","type":"product","link":"https:\/\/abinox-chr-clim.com\/index.php\/product\/cendrier-mural-bolero\/","title":{"rendered":"Cendrier mural Bolero"},"content":{"rendered":"<p>Cendrier mural inox design adapt\u00e9 pour une utilisation dans toutes les zones fumeurs.Verrouillable avec un plateau int\u00e9rieur amovible en acier galvanis\u00e9.<br \/>Style design incurv\u00e9 avec quatre trous pour les m\u00e9gots de cigarettes.Plateau int\u00e9rieur amovible en acier galvanis\u00e9.Verrouillable. Style design incurv\u00e9 avec quatre trous pour les m\u00e9gots de cigarettes. .<br \/> Caract\u00e9ristiques :<br \/> Capacit\u00e9 : 3.1 L.<br \/> Dimensions : 352(h) x 245(l) x 142(p)mm.<br \/> Mati\u00e8re : Acier inoxydable.<br \/> Couleur : Argent.<\/p>\n","protected":false},"excerpt":{"rendered":"<p>Cendrier mural Bolero<\/p>\n","protected":false},"featured_media":82175,"comment_status":"closed","ping_status":"closed","template":"","meta":[],"product_brand":[],"product_cat":[1218,1217,1297,1216],"product_tag":[],"class_list":{"0":"post-71542","1":"product","2":"type-product","3":"status-publish","4":"has-post-thumbnail","6":"product_cat-cendriers","7":"product_cat-collecte-des-dechets","8":"product_cat-non-palettisable","9":"product_cat-usage-unique-et-entretien","10":"product_shipping_class-free-shipping","12":"first","13":"instock","14":"featured","15":"taxable","16":"shipping-taxable","17":"purchasable","18":"product-type-simple"},"_links":{"self":[{"href":"https:\/\/abinox-chr-clim.com\/index.php\/wp-json\/wp\/v2\/product\/71542","targetHints":{"allow":["GET"]}}],"collection":[{"href":"https:\/\/abinox-chr-clim.com\/index.php\/wp-json\/wp\/v2\/product"}],"about":[{"href":"https:\/\/abinox-chr-clim.com\/index.php\/wp-json\/wp\/v2\/types\/product"}],"replies":[{"embeddable":true,"href":"https:\/\/abinox-chr-clim.com\/index.php\/wp-json\/wp\/v2\/comments?post=71542"}],"wp:featuredmedia":[{"embeddable":true,"href":"https:\/\/abinox-chr-clim.com\/index.php\/wp-json\/wp\/v2\/media\/82175"}],"wp:attachment":[{"href":"https:\/\/abinox-chr-clim.com\/index.php\/wp-json\/wp\/v2\/media?parent=71542"}],"wp:term":[{"taxonomy":"product_brand","embeddable":true,"href":"https:\/\/abinox-chr-clim.com\/index.php\/wp-json\/wp\/v2\/product_brand?post=71542"},{"taxonomy":"product_cat","embeddable":true,"href":"https:\/\/abinox-chr-clim.com\/index.php\/wp-json\/wp\/v2\/product_cat?post=71542"},{"taxonomy":"product_tag","embeddable":true,"href":"https:\/\/abinox-chr-clim.com\/index.php\/wp-json\/wp\/v2\/product_tag?post=71542"}],"curies":[{"name":"wp","href":"https:\/\/api.w.org\/{rel}","templated":true}]}}