{"id":71394,"date":"2024-03-22T19:41:47","date_gmt":"2024-03-22T18:41:47","guid":{"rendered":"https:\/\/abinox-chr-clim.com\/index.php\/product\/shampoing-elsyl-natural-lot-de-50\/"},"modified":"2026-04-13T06:10:45","modified_gmt":"2026-04-13T04:10:45","slug":"shampoing-elsyl-natural-lot-de-50","status":"publish","type":"product","link":"https:\/\/abinox-chr-clim.com\/index.php\/product\/shampoing-elsyl-natural-lot-de-50\/","title":{"rendered":"Shampoing Elsyl Natural (Lot de 50)"},"content":{"rendered":"<p>Somptueuse gamme de produits d&rsquo;accueil assortis conditionn\u00e9s avec le plus grand soin. Les bo\u00eetes des bonnets de douche sont d\u00e9cor\u00e9es d&rsquo;un ruban nou\u00e9 \u00e0 la main, le savon porte un logo en relief et les produits en bouteille poss\u00e8dent un bouchon dor\u00e9 pour une pr\u00e9sentation de qualit\u00e9 sup\u00e9rieure.<\/p>\n<p>Caract\u00e9ristiques :<br \/>Lot : 50.<\/p>\n","protected":false},"excerpt":{"rendered":"<p>Shampoing Elsyl Natural (Lot de 50)<\/p>\n","protected":false},"featured_media":81085,"comment_status":"closed","ping_status":"closed","template":"","meta":[],"product_brand":[],"product_cat":[1297,1134,1106,1138],"product_tag":[],"class_list":{"0":"post-71394","1":"product","2":"type-product","3":"status-publish","4":"has-post-thumbnail","6":"product_cat-non-palettisable","7":"product_cat-reception-hotellerie","8":"product_cat-restaurant-bar-et-hotel","9":"product_cat-salle-de-bain","10":"product_shipping_class-free-shipping","12":"first","13":"outofstock","14":"featured","15":"taxable","16":"shipping-taxable","17":"purchasable","18":"product-type-simple"},"_links":{"self":[{"href":"https:\/\/abinox-chr-clim.com\/index.php\/wp-json\/wp\/v2\/product\/71394","targetHints":{"allow":["GET"]}}],"collection":[{"href":"https:\/\/abinox-chr-clim.com\/index.php\/wp-json\/wp\/v2\/product"}],"about":[{"href":"https:\/\/abinox-chr-clim.com\/index.php\/wp-json\/wp\/v2\/types\/product"}],"replies":[{"embeddable":true,"href":"https:\/\/abinox-chr-clim.com\/index.php\/wp-json\/wp\/v2\/comments?post=71394"}],"wp:featuredmedia":[{"embeddable":true,"href":"https:\/\/abinox-chr-clim.com\/index.php\/wp-json\/wp\/v2\/media\/81085"}],"wp:attachment":[{"href":"https:\/\/abinox-chr-clim.com\/index.php\/wp-json\/wp\/v2\/media?parent=71394"}],"wp:term":[{"taxonomy":"product_brand","embeddable":true,"href":"https:\/\/abinox-chr-clim.com\/index.php\/wp-json\/wp\/v2\/product_brand?post=71394"},{"taxonomy":"product_cat","embeddable":true,"href":"https:\/\/abinox-chr-clim.com\/index.php\/wp-json\/wp\/v2\/product_cat?post=71394"},{"taxonomy":"product_tag","embeddable":true,"href":"https:\/\/abinox-chr-clim.com\/index.php\/wp-json\/wp\/v2\/product_tag?post=71394"}],"curies":[{"name":"wp","href":"https:\/\/api.w.org\/{rel}","templated":true}]}}