{"id":71393,"date":"2024-03-22T19:41:47","date_gmt":"2024-03-22T18:41:47","guid":{"rendered":"https:\/\/abinox-chr-clim.com\/index.php\/product\/savon-20g-geneva-guild-lot-de-250\/"},"modified":"2026-04-14T08:34:42","modified_gmt":"2026-04-14T06:34:42","slug":"savon-20g-geneva-guild-lot-de-250","status":"publish","type":"product","link":"https:\/\/abinox-chr-clim.com\/index.php\/product\/savon-20g-geneva-guild-lot-de-250\/","title":{"rendered":"Savon 20g Geneva Guild (Lot de 250)"},"content":{"rendered":"<p>Classique et contemporain. Contenu hautement biod\u00e9gradable. Possibilit\u00e9 de vous envoyer des \u00e9chantillons. Format \u00e9conomique. L\u00e9g\u00e8rement parfum\u00e9. Sans paraben. El\u00e9gant.Classique et contemporain.<\/p>\n<p>Caract\u00e9ristiques :<br \/>Lot : 250.<br \/> Capacit\u00e9 : 30ml.<br \/> Dimensions : 80(L) x 56(l) x 15(P)mm.<\/p>\n","protected":false},"excerpt":{"rendered":"<p>Savon 20g Geneva Guild (Lot de 250)<\/p>\n","protected":false},"featured_media":80355,"comment_status":"closed","ping_status":"closed","template":"","meta":[],"product_brand":[],"product_cat":[1297,1134,1106,1138],"product_tag":[],"class_list":{"0":"post-71393","1":"product","2":"type-product","3":"status-publish","4":"has-post-thumbnail","6":"product_cat-non-palettisable","7":"product_cat-reception-hotellerie","8":"product_cat-restaurant-bar-et-hotel","9":"product_cat-salle-de-bain","10":"product_shipping_class-free-shipping","12":"first","13":"instock","14":"featured","15":"taxable","16":"shipping-taxable","17":"purchasable","18":"product-type-simple"},"_links":{"self":[{"href":"https:\/\/abinox-chr-clim.com\/index.php\/wp-json\/wp\/v2\/product\/71393","targetHints":{"allow":["GET"]}}],"collection":[{"href":"https:\/\/abinox-chr-clim.com\/index.php\/wp-json\/wp\/v2\/product"}],"about":[{"href":"https:\/\/abinox-chr-clim.com\/index.php\/wp-json\/wp\/v2\/types\/product"}],"replies":[{"embeddable":true,"href":"https:\/\/abinox-chr-clim.com\/index.php\/wp-json\/wp\/v2\/comments?post=71393"}],"wp:featuredmedia":[{"embeddable":true,"href":"https:\/\/abinox-chr-clim.com\/index.php\/wp-json\/wp\/v2\/media\/80355"}],"wp:attachment":[{"href":"https:\/\/abinox-chr-clim.com\/index.php\/wp-json\/wp\/v2\/media?parent=71393"}],"wp:term":[{"taxonomy":"product_brand","embeddable":true,"href":"https:\/\/abinox-chr-clim.com\/index.php\/wp-json\/wp\/v2\/product_brand?post=71393"},{"taxonomy":"product_cat","embeddable":true,"href":"https:\/\/abinox-chr-clim.com\/index.php\/wp-json\/wp\/v2\/product_cat?post=71393"},{"taxonomy":"product_tag","embeddable":true,"href":"https:\/\/abinox-chr-clim.com\/index.php\/wp-json\/wp\/v2\/product_tag?post=71393"}],"curies":[{"name":"wp","href":"https:\/\/api.w.org\/{rel}","templated":true}]}}