{"id":71390,"date":"2024-03-22T19:41:46","date_gmt":"2024-03-22T18:41:46","guid":{"rendered":"https:\/\/abinox-chr-clim.com\/index.php\/product\/gel-douche-geneva-guild-lot-de-300\/"},"modified":"2026-04-14T08:34:38","modified_gmt":"2026-04-14T06:34:38","slug":"gel-douche-geneva-guild-lot-de-300","status":"publish","type":"product","link":"https:\/\/abinox-chr-clim.com\/index.php\/product\/gel-douche-geneva-guild-lot-de-300\/","title":{"rendered":"Gel douche Geneva Guild (Lot de 300)"},"content":{"rendered":"<p>Classique et contemporain. Bleuet \/ extrait de fleur d&rsquo;aloe vera. Contenu biod\u00e9gradable.Bouteilles en plastique recyclable PET. Format \u00e9conomique. L\u00e9g\u00e8rement parfum\u00e9. Possibilit\u00e9 de vous envoyer des \u00e9chantillons. Sans paraben.Classique et contemporain.<\/p>\n<p>Caract\u00e9ristiques :<br \/>Lot : 300.<br \/> Capacit\u00e9 : 30ml.<br \/> Dimensions : 78(H) x 26(\u00d8)mm.<\/p>\n","protected":false},"excerpt":{"rendered":"<p>Gel douche Geneva Guild (Lot de 300)<\/p>\n","protected":false},"featured_media":80342,"comment_status":"closed","ping_status":"closed","template":"","meta":[],"product_brand":[],"product_cat":[1297,1134,1106,1138],"product_tag":[],"class_list":{"0":"post-71390","1":"product","2":"type-product","3":"status-publish","4":"has-post-thumbnail","6":"product_cat-non-palettisable","7":"product_cat-reception-hotellerie","8":"product_cat-restaurant-bar-et-hotel","9":"product_cat-salle-de-bain","10":"product_shipping_class-free-shipping","12":"first","13":"instock","14":"featured","15":"taxable","16":"shipping-taxable","17":"purchasable","18":"product-type-simple"},"_links":{"self":[{"href":"https:\/\/abinox-chr-clim.com\/index.php\/wp-json\/wp\/v2\/product\/71390","targetHints":{"allow":["GET"]}}],"collection":[{"href":"https:\/\/abinox-chr-clim.com\/index.php\/wp-json\/wp\/v2\/product"}],"about":[{"href":"https:\/\/abinox-chr-clim.com\/index.php\/wp-json\/wp\/v2\/types\/product"}],"replies":[{"embeddable":true,"href":"https:\/\/abinox-chr-clim.com\/index.php\/wp-json\/wp\/v2\/comments?post=71390"}],"wp:featuredmedia":[{"embeddable":true,"href":"https:\/\/abinox-chr-clim.com\/index.php\/wp-json\/wp\/v2\/media\/80342"}],"wp:attachment":[{"href":"https:\/\/abinox-chr-clim.com\/index.php\/wp-json\/wp\/v2\/media?parent=71390"}],"wp:term":[{"taxonomy":"product_brand","embeddable":true,"href":"https:\/\/abinox-chr-clim.com\/index.php\/wp-json\/wp\/v2\/product_brand?post=71390"},{"taxonomy":"product_cat","embeddable":true,"href":"https:\/\/abinox-chr-clim.com\/index.php\/wp-json\/wp\/v2\/product_cat?post=71390"},{"taxonomy":"product_tag","embeddable":true,"href":"https:\/\/abinox-chr-clim.com\/index.php\/wp-json\/wp\/v2\/product_tag?post=71390"}],"curies":[{"name":"wp","href":"https:\/\/api.w.org\/{rel}","templated":true}]}}