{"id":71389,"date":"2024-03-22T19:41:45","date_gmt":"2024-03-22T18:41:45","guid":{"rendered":"https:\/\/abinox-chr-clim.com\/index.php\/product\/recharges-de-sacs-hygieniques-lot-de-1200\/"},"modified":"2026-04-14T08:34:22","modified_gmt":"2026-04-14T06:34:22","slug":"recharges-de-sacs-hygieniques-lot-de-1200","status":"publish","type":"product","link":"https:\/\/abinox-chr-clim.com\/index.php\/product\/recharges-de-sacs-hygieniques-lot-de-1200\/","title":{"rendered":"Recharges de sacs hygi\u00e9niques (Lot de 1200)"},"content":{"rendered":"<p>Lot de 48. Chaque bo\u00eete contient 25 sacs &#8211; taille des sacs 7.5cm (l) x 28cm (L). Id\u00e9al pour les h\u00f4tels et chambres d&rsquo;h\u00f4tes. Distribution facile. Con\u00e7u pour une utilisation avec les distributeurs CB594 et CB595.  Lot de 48.<\/p>\n<p>Caract\u00e9ristiques :<br \/>Lot : 1200.<\/p>\n","protected":false},"excerpt":{"rendered":"<p>Recharges de sacs hygi\u00e9niques (Lot de 1200)<\/p>\n","protected":false},"featured_media":103280,"comment_status":"closed","ping_status":"closed","template":"","meta":[],"product_brand":[],"product_cat":[1297,1134,1106,1138],"product_tag":[],"class_list":{"0":"post-71389","1":"product","2":"type-product","3":"status-publish","4":"has-post-thumbnail","6":"product_cat-non-palettisable","7":"product_cat-reception-hotellerie","8":"product_cat-restaurant-bar-et-hotel","9":"product_cat-salle-de-bain","10":"product_shipping_class-free-shipping","12":"first","13":"instock","14":"featured","15":"taxable","16":"shipping-taxable","17":"purchasable","18":"product-type-simple"},"_links":{"self":[{"href":"https:\/\/abinox-chr-clim.com\/index.php\/wp-json\/wp\/v2\/product\/71389","targetHints":{"allow":["GET"]}}],"collection":[{"href":"https:\/\/abinox-chr-clim.com\/index.php\/wp-json\/wp\/v2\/product"}],"about":[{"href":"https:\/\/abinox-chr-clim.com\/index.php\/wp-json\/wp\/v2\/types\/product"}],"replies":[{"embeddable":true,"href":"https:\/\/abinox-chr-clim.com\/index.php\/wp-json\/wp\/v2\/comments?post=71389"}],"wp:featuredmedia":[{"embeddable":true,"href":"https:\/\/abinox-chr-clim.com\/index.php\/wp-json\/wp\/v2\/media\/103280"}],"wp:attachment":[{"href":"https:\/\/abinox-chr-clim.com\/index.php\/wp-json\/wp\/v2\/media?parent=71389"}],"wp:term":[{"taxonomy":"product_brand","embeddable":true,"href":"https:\/\/abinox-chr-clim.com\/index.php\/wp-json\/wp\/v2\/product_brand?post=71389"},{"taxonomy":"product_cat","embeddable":true,"href":"https:\/\/abinox-chr-clim.com\/index.php\/wp-json\/wp\/v2\/product_cat?post=71389"},{"taxonomy":"product_tag","embeddable":true,"href":"https:\/\/abinox-chr-clim.com\/index.php\/wp-json\/wp\/v2\/product_tag?post=71389"}],"curies":[{"name":"wp","href":"https:\/\/api.w.org\/{rel}","templated":true}]}}