{"id":71388,"date":"2024-03-22T19:41:45","date_gmt":"2024-03-22T18:41:45","guid":{"rendered":"https:\/\/abinox-chr-clim.com\/index.php\/product\/distributeur-de-sacs-hygieniques-blanc\/"},"modified":"2026-04-14T08:34:19","modified_gmt":"2026-04-14T06:34:19","slug":"distributeur-de-sacs-hygieniques-blanc","status":"publish","type":"product","link":"https:\/\/abinox-chr-clim.com\/index.php\/product\/distributeur-de-sacs-hygieniques-blanc\/","title":{"rendered":"Distributeur de sacs hygi\u00e9niques blanc"},"content":{"rendered":"<p>M\u00e9thode hygi\u00e9nique, discr\u00e8te et pratique d&rsquo;\u00e9limination des d\u00e9chets sanitaires. Facile \u00e0 installer avec un adh\u00e9sif double-face. Fixation murale possible. Sacs vendus s\u00e9par\u00e9ment (lot de 48 bo\u00eetes de 25 sacs).<br \/>Facile \u00e0 installer avec adh\u00e9sif double face. Fixable au mur. Discret et hygi\u00e9nique. Facile \u00e0 installer avec adh\u00e9sif double face.<\/p>\n<p>Caract\u00e9ristiques :<br \/> Dimensions : 136(H) x 98(L) x 25(P) mm.<br \/> Mati\u00e8re : ABS.<br \/> Couleur : Blanc.<\/p>\n","protected":false},"excerpt":{"rendered":"<p>Distributeur de sacs hygi\u00e9niques blanc<\/p>\n","protected":false},"featured_media":103279,"comment_status":"closed","ping_status":"closed","template":"","meta":[],"product_brand":[],"product_cat":[1297,1134,1106,1138],"product_tag":[],"class_list":{"0":"post-71388","1":"product","2":"type-product","3":"status-publish","4":"has-post-thumbnail","6":"product_cat-non-palettisable","7":"product_cat-reception-hotellerie","8":"product_cat-restaurant-bar-et-hotel","9":"product_cat-salle-de-bain","10":"product_shipping_class-free-shipping","12":"first","13":"instock","14":"featured","15":"taxable","16":"shipping-taxable","17":"purchasable","18":"product-type-simple"},"_links":{"self":[{"href":"https:\/\/abinox-chr-clim.com\/index.php\/wp-json\/wp\/v2\/product\/71388","targetHints":{"allow":["GET"]}}],"collection":[{"href":"https:\/\/abinox-chr-clim.com\/index.php\/wp-json\/wp\/v2\/product"}],"about":[{"href":"https:\/\/abinox-chr-clim.com\/index.php\/wp-json\/wp\/v2\/types\/product"}],"replies":[{"embeddable":true,"href":"https:\/\/abinox-chr-clim.com\/index.php\/wp-json\/wp\/v2\/comments?post=71388"}],"wp:featuredmedia":[{"embeddable":true,"href":"https:\/\/abinox-chr-clim.com\/index.php\/wp-json\/wp\/v2\/media\/103279"}],"wp:attachment":[{"href":"https:\/\/abinox-chr-clim.com\/index.php\/wp-json\/wp\/v2\/media?parent=71388"}],"wp:term":[{"taxonomy":"product_brand","embeddable":true,"href":"https:\/\/abinox-chr-clim.com\/index.php\/wp-json\/wp\/v2\/product_brand?post=71388"},{"taxonomy":"product_cat","embeddable":true,"href":"https:\/\/abinox-chr-clim.com\/index.php\/wp-json\/wp\/v2\/product_cat?post=71388"},{"taxonomy":"product_tag","embeddable":true,"href":"https:\/\/abinox-chr-clim.com\/index.php\/wp-json\/wp\/v2\/product_tag?post=71388"}],"curies":[{"name":"wp","href":"https:\/\/api.w.org\/{rel}","templated":true}]}}