{"id":71386,"date":"2024-03-22T19:41:44","date_gmt":"2024-03-22T18:41:44","guid":{"rendered":"https:\/\/abinox-chr-clim.com\/index.php\/product\/shampoing-et-apres-shampoing-natural-lot-de-250\/"},"modified":"2026-04-14T08:34:14","modified_gmt":"2026-04-14T06:34:14","slug":"shampoing-et-apres-shampoing-natural-lot-de-250","status":"publish","type":"product","link":"https:\/\/abinox-chr-clim.com\/index.php\/product\/shampoing-et-apres-shampoing-natural-lot-de-250\/","title":{"rendered":"Shampoing et apr\u00e8s-shampoing Natural (Lot de 250)"},"content":{"rendered":"<p>Produits d&rsquo;accueil classiques pour les h\u00f4tels et chambres d&rsquo;h\u00f4tes. Parfaite pour le confort et la relaxation des clients, cette gamme comprend tous les produits de beaut\u00e9 attendus dans les \u00e9tablissements h\u00f4teliers.<\/p>\n<p>Caract\u00e9ristiques :<br \/>Lot : 250.<\/p>\n","protected":false},"excerpt":{"rendered":"<p>Shampoing et apr\u00e8s-shampoing Natural (Lot de 250)<\/p>\n","protected":false},"featured_media":102578,"comment_status":"closed","ping_status":"closed","template":"","meta":[],"product_brand":[],"product_cat":[1297,1134,1106,1138],"product_tag":[],"class_list":{"0":"post-71386","1":"product","2":"type-product","3":"status-publish","4":"has-post-thumbnail","6":"product_cat-non-palettisable","7":"product_cat-reception-hotellerie","8":"product_cat-restaurant-bar-et-hotel","9":"product_cat-salle-de-bain","10":"product_shipping_class-free-shipping","12":"first","13":"outofstock","14":"featured","15":"taxable","16":"shipping-taxable","17":"purchasable","18":"product-type-simple"},"_links":{"self":[{"href":"https:\/\/abinox-chr-clim.com\/index.php\/wp-json\/wp\/v2\/product\/71386","targetHints":{"allow":["GET"]}}],"collection":[{"href":"https:\/\/abinox-chr-clim.com\/index.php\/wp-json\/wp\/v2\/product"}],"about":[{"href":"https:\/\/abinox-chr-clim.com\/index.php\/wp-json\/wp\/v2\/types\/product"}],"replies":[{"embeddable":true,"href":"https:\/\/abinox-chr-clim.com\/index.php\/wp-json\/wp\/v2\/comments?post=71386"}],"wp:featuredmedia":[{"embeddable":true,"href":"https:\/\/abinox-chr-clim.com\/index.php\/wp-json\/wp\/v2\/media\/102578"}],"wp:attachment":[{"href":"https:\/\/abinox-chr-clim.com\/index.php\/wp-json\/wp\/v2\/media?parent=71386"}],"wp:term":[{"taxonomy":"product_brand","embeddable":true,"href":"https:\/\/abinox-chr-clim.com\/index.php\/wp-json\/wp\/v2\/product_brand?post=71386"},{"taxonomy":"product_cat","embeddable":true,"href":"https:\/\/abinox-chr-clim.com\/index.php\/wp-json\/wp\/v2\/product_cat?post=71386"},{"taxonomy":"product_tag","embeddable":true,"href":"https:\/\/abinox-chr-clim.com\/index.php\/wp-json\/wp\/v2\/product_tag?post=71386"}],"curies":[{"name":"wp","href":"https:\/\/api.w.org\/{rel}","templated":true}]}}