{"id":71382,"date":"2024-03-22T19:41:43","date_gmt":"2024-03-22T18:41:43","guid":{"rendered":"https:\/\/abinox-chr-clim.com\/index.php\/product\/grande-clochette-de-reception-bolero\/"},"modified":"2026-04-20T09:21:49","modified_gmt":"2026-04-20T07:21:49","slug":"grande-clochette-de-reception-bolero","status":"publish","type":"product","link":"https:\/\/abinox-chr-clim.com\/index.php\/product\/grande-clochette-de-reception-bolero\/","title":{"rendered":"Grande clochette de r\u00e9ception Bolero"},"content":{"rendered":"<p>Sonnettes en m\u00e9tal poli \u00e9mettant un son clair.<br \/>Son clair. Finition poli. Son clair. .<br \/> Caract\u00e9ristiques :<br \/> Dimensions : 70(h) x 100(L)mm.<br \/> Mati\u00e8re : En m\u00e9tal.<br \/> Couleur : Noir et argent\u00e9.<\/p>\n","protected":false},"excerpt":{"rendered":"<p>Grande clochette de r\u00e9ception Bolero<\/p>\n","protected":false},"featured_media":99138,"comment_status":"closed","ping_status":"closed","template":"","meta":[],"product_brand":[],"product_cat":[1297,1137,1134,1106],"product_tag":[],"class_list":{"0":"post-71382","1":"product","2":"type-product","3":"status-publish","4":"has-post-thumbnail","6":"product_cat-non-palettisable","7":"product_cat-reception","8":"product_cat-reception-hotellerie","9":"product_cat-restaurant-bar-et-hotel","10":"product_shipping_class-free-shipping","12":"first","13":"instock","14":"featured","15":"taxable","16":"shipping-taxable","17":"purchasable","18":"product-type-simple"},"_links":{"self":[{"href":"https:\/\/abinox-chr-clim.com\/index.php\/wp-json\/wp\/v2\/product\/71382","targetHints":{"allow":["GET"]}}],"collection":[{"href":"https:\/\/abinox-chr-clim.com\/index.php\/wp-json\/wp\/v2\/product"}],"about":[{"href":"https:\/\/abinox-chr-clim.com\/index.php\/wp-json\/wp\/v2\/types\/product"}],"replies":[{"embeddable":true,"href":"https:\/\/abinox-chr-clim.com\/index.php\/wp-json\/wp\/v2\/comments?post=71382"}],"wp:featuredmedia":[{"embeddable":true,"href":"https:\/\/abinox-chr-clim.com\/index.php\/wp-json\/wp\/v2\/media\/99138"}],"wp:attachment":[{"href":"https:\/\/abinox-chr-clim.com\/index.php\/wp-json\/wp\/v2\/media?parent=71382"}],"wp:term":[{"taxonomy":"product_brand","embeddable":true,"href":"https:\/\/abinox-chr-clim.com\/index.php\/wp-json\/wp\/v2\/product_brand?post=71382"},{"taxonomy":"product_cat","embeddable":true,"href":"https:\/\/abinox-chr-clim.com\/index.php\/wp-json\/wp\/v2\/product_cat?post=71382"},{"taxonomy":"product_tag","embeddable":true,"href":"https:\/\/abinox-chr-clim.com\/index.php\/wp-json\/wp\/v2\/product_tag?post=71382"}],"curies":[{"name":"wp","href":"https:\/\/api.w.org\/{rel}","templated":true}]}}