{"id":71379,"date":"2024-03-22T19:41:41","date_gmt":"2024-03-22T18:41:41","guid":{"rendered":"https:\/\/abinox-chr-clim.com\/index.php\/product\/porte-revues-ou-journaux-mural-en-bois-olympia\/"},"modified":"2026-04-20T09:42:46","modified_gmt":"2026-04-20T07:42:46","slug":"porte-revues-ou-journaux-mural-en-bois-olympia","status":"publish","type":"product","link":"https:\/\/abinox-chr-clim.com\/index.php\/product\/porte-revues-ou-journaux-mural-en-bois-olympia\/","title":{"rendered":"Porte revues ou journaux mural en bois Olympia"},"content":{"rendered":"<p>Le porte revues ou journaux permet une pr\u00e9sentation organis\u00e9e des supports de lecture dans les h\u00f4tels, caf\u00e9s et bars. Fourni avec fixations murales. 605(H) x 70(L) x 45(P)mm.<br \/>3 emplacements. Id\u00e9al pour ranger les journaux. 3 emplacements.<\/p>\n<p>Caract\u00e9ristiques :<br \/> Dimensions : 605(H) x 70(L) x 45(P) mm.<br \/> Mati\u00e8re : Bois.<br \/> Couleur : Bois.<\/p>\n","protected":false},"excerpt":{"rendered":"<p>Porte revues ou journaux mural en bois Olympia<\/p>\n","protected":false},"featured_media":102193,"comment_status":"closed","ping_status":"closed","template":"","meta":[],"product_brand":[],"product_cat":[1297,1137,1134,1106],"product_tag":[],"class_list":{"0":"post-71379","1":"product","2":"type-product","3":"status-publish","4":"has-post-thumbnail","6":"product_cat-non-palettisable","7":"product_cat-reception","8":"product_cat-reception-hotellerie","9":"product_cat-restaurant-bar-et-hotel","10":"product_shipping_class-free-shipping","12":"first","13":"outofstock","14":"featured","15":"taxable","16":"shipping-taxable","17":"purchasable","18":"product-type-simple"},"_links":{"self":[{"href":"https:\/\/abinox-chr-clim.com\/index.php\/wp-json\/wp\/v2\/product\/71379","targetHints":{"allow":["GET"]}}],"collection":[{"href":"https:\/\/abinox-chr-clim.com\/index.php\/wp-json\/wp\/v2\/product"}],"about":[{"href":"https:\/\/abinox-chr-clim.com\/index.php\/wp-json\/wp\/v2\/types\/product"}],"replies":[{"embeddable":true,"href":"https:\/\/abinox-chr-clim.com\/index.php\/wp-json\/wp\/v2\/comments?post=71379"}],"wp:featuredmedia":[{"embeddable":true,"href":"https:\/\/abinox-chr-clim.com\/index.php\/wp-json\/wp\/v2\/media\/102193"}],"wp:attachment":[{"href":"https:\/\/abinox-chr-clim.com\/index.php\/wp-json\/wp\/v2\/media?parent=71379"}],"wp:term":[{"taxonomy":"product_brand","embeddable":true,"href":"https:\/\/abinox-chr-clim.com\/index.php\/wp-json\/wp\/v2\/product_brand?post=71379"},{"taxonomy":"product_cat","embeddable":true,"href":"https:\/\/abinox-chr-clim.com\/index.php\/wp-json\/wp\/v2\/product_cat?post=71379"},{"taxonomy":"product_tag","embeddable":true,"href":"https:\/\/abinox-chr-clim.com\/index.php\/wp-json\/wp\/v2\/product_tag?post=71379"}],"curies":[{"name":"wp","href":"https:\/\/api.w.org\/{rel}","templated":true}]}}