{"id":71378,"date":"2024-03-22T19:41:41","date_gmt":"2024-03-22T18:41:41","guid":{"rendered":"https:\/\/abinox-chr-clim.com\/index.php\/product\/portant-a-vetements-professionnel-en-z\/"},"modified":"2026-04-20T10:08:40","modified_gmt":"2026-04-20T08:08:40","slug":"portant-a-vetements-professionnel-en-z","status":"publish","type":"product","link":"https:\/\/abinox-chr-clim.com\/index.php\/product\/portant-a-vetements-professionnel-en-z\/","title":{"rendered":"Portant \u00e0 v\u00eatements professionnel en Z"},"content":{"rendered":"<p>Tr\u00e8s solide pour un usage professionnel intensif. Test\u00e9 pour supporter jusqu&rsquo;\u00e0 260 kg. Grandes roulettes de 150 mm pour un d\u00e9placement facile sur tapis et moquettes. La conception en Z permet une imbrication compacte lorsqu&rsquo;elle n&rsquo;est pas utilis\u00e9e. Acier recouvert d&rsquo;\u00e9poxy argent\u00e9. Deux barres lat\u00e9rales verticales pour faciliter la manoeuvrabilit\u00e9 du portant charg\u00e9. Auto-assemblage facile.Tr\u00e8s solide pour un usage professionnel intensif.<\/p>\n<p>Caract\u00e9ristiques :<br \/> Dimensions : 1670(H) x 1200(L) x 500(P) mm.<br \/> Mati\u00e8re : Acier recouvert d&rsquo;epoxy<\/p>\n","protected":false},"excerpt":{"rendered":"<p>Portant \u00e0 v\u00eatements professionnel en Z<\/p>\n","protected":false},"featured_media":101976,"comment_status":"closed","ping_status":"closed","template":"","meta":[],"product_brand":[],"product_cat":[1296,1137,1134,1106],"product_tag":[],"class_list":{"0":"post-71378","1":"product","2":"type-product","3":"status-publish","4":"has-post-thumbnail","6":"product_cat-palettisable","7":"product_cat-reception","8":"product_cat-reception-hotellerie","9":"product_cat-restaurant-bar-et-hotel","11":"first","12":"instock","13":"featured","14":"taxable","15":"shipping-taxable","16":"purchasable","17":"product-type-simple"},"_links":{"self":[{"href":"https:\/\/abinox-chr-clim.com\/index.php\/wp-json\/wp\/v2\/product\/71378","targetHints":{"allow":["GET"]}}],"collection":[{"href":"https:\/\/abinox-chr-clim.com\/index.php\/wp-json\/wp\/v2\/product"}],"about":[{"href":"https:\/\/abinox-chr-clim.com\/index.php\/wp-json\/wp\/v2\/types\/product"}],"replies":[{"embeddable":true,"href":"https:\/\/abinox-chr-clim.com\/index.php\/wp-json\/wp\/v2\/comments?post=71378"}],"wp:featuredmedia":[{"embeddable":true,"href":"https:\/\/abinox-chr-clim.com\/index.php\/wp-json\/wp\/v2\/media\/101976"}],"wp:attachment":[{"href":"https:\/\/abinox-chr-clim.com\/index.php\/wp-json\/wp\/v2\/media?parent=71378"}],"wp:term":[{"taxonomy":"product_brand","embeddable":true,"href":"https:\/\/abinox-chr-clim.com\/index.php\/wp-json\/wp\/v2\/product_brand?post=71378"},{"taxonomy":"product_cat","embeddable":true,"href":"https:\/\/abinox-chr-clim.com\/index.php\/wp-json\/wp\/v2\/product_cat?post=71378"},{"taxonomy":"product_tag","embeddable":true,"href":"https:\/\/abinox-chr-clim.com\/index.php\/wp-json\/wp\/v2\/product_tag?post=71378"}],"curies":[{"name":"wp","href":"https:\/\/api.w.org\/{rel}","templated":true}]}}