{"id":71377,"date":"2024-03-22T19:41:41","date_gmt":"2024-03-22T18:41:41","guid":{"rendered":"https:\/\/abinox-chr-clim.com\/index.php\/product\/tapis-dentree-gris-acier-jantex-1500-x-900mm\/"},"modified":"2026-04-20T09:06:42","modified_gmt":"2026-04-20T07:06:42","slug":"tapis-dentree-gris-acier-jantex-1500-x-900mm","status":"publish","type":"product","link":"https:\/\/abinox-chr-clim.com\/index.php\/product\/tapis-dentree-gris-acier-jantex-1500-x-900mm\/","title":{"rendered":"Tapis d&rsquo;entr\u00e9e gris acier Jantex 1500 x 900mm"},"content":{"rendered":"<p>Tapis d&rsquo;entr\u00e9e gris durables et r\u00e9sistants avec surface antid\u00e9rapante. Deux dimensions disponibles. Lavables.<br \/>Le design large couvre la plupart des grandes entr\u00e9es. La partie sup\u00e9rieure en tissu retient la plupart des salet\u00e9s et des d\u00e9bris. Le tissu permet \u00e9galement de garder les sols secs pour \u00e9viter les glissades. La base antid\u00e9rapante emp\u00eache le tapis de bouger lorsqu&rsquo;il est utilis\u00e9. La conception lavable contribue \u00e0 am\u00e9liorer l&rsquo;hygi\u00e8ne. Dessous en PVC \u00e9paisseur : 1,2\u00a0mm.  Le design large couvre la plupart des grandes entr\u00e9es.<\/p>\n<p>Caract\u00e9ristiques :<br \/> Dimensions : 1500(L) x 900(L) mm.<br \/> Mati\u00e8re : .<br \/> Couleur : Acier.<\/p>\n","protected":false},"excerpt":{"rendered":"<p>Tapis d&rsquo;entr\u00e9e gris acier Jantex 1500 x 900mm<\/p>\n","protected":false},"featured_media":101718,"comment_status":"closed","ping_status":"closed","template":"","meta":[],"product_brand":[],"product_cat":[1297,1137,1134,1106],"product_tag":[],"class_list":{"0":"post-71377","1":"product","2":"type-product","3":"status-publish","4":"has-post-thumbnail","6":"product_cat-non-palettisable","7":"product_cat-reception","8":"product_cat-reception-hotellerie","9":"product_cat-restaurant-bar-et-hotel","10":"product_shipping_class-free-shipping","12":"first","13":"instock","14":"featured","15":"taxable","16":"shipping-taxable","17":"purchasable","18":"product-type-simple"},"_links":{"self":[{"href":"https:\/\/abinox-chr-clim.com\/index.php\/wp-json\/wp\/v2\/product\/71377","targetHints":{"allow":["GET"]}}],"collection":[{"href":"https:\/\/abinox-chr-clim.com\/index.php\/wp-json\/wp\/v2\/product"}],"about":[{"href":"https:\/\/abinox-chr-clim.com\/index.php\/wp-json\/wp\/v2\/types\/product"}],"replies":[{"embeddable":true,"href":"https:\/\/abinox-chr-clim.com\/index.php\/wp-json\/wp\/v2\/comments?post=71377"}],"wp:featuredmedia":[{"embeddable":true,"href":"https:\/\/abinox-chr-clim.com\/index.php\/wp-json\/wp\/v2\/media\/101718"}],"wp:attachment":[{"href":"https:\/\/abinox-chr-clim.com\/index.php\/wp-json\/wp\/v2\/media?parent=71377"}],"wp:term":[{"taxonomy":"product_brand","embeddable":true,"href":"https:\/\/abinox-chr-clim.com\/index.php\/wp-json\/wp\/v2\/product_brand?post=71377"},{"taxonomy":"product_cat","embeddable":true,"href":"https:\/\/abinox-chr-clim.com\/index.php\/wp-json\/wp\/v2\/product_cat?post=71377"},{"taxonomy":"product_tag","embeddable":true,"href":"https:\/\/abinox-chr-clim.com\/index.php\/wp-json\/wp\/v2\/product_tag?post=71377"}],"curies":[{"name":"wp","href":"https:\/\/api.w.org\/{rel}","templated":true}]}}