{"id":71376,"date":"2024-03-22T19:41:40","date_gmt":"2024-03-22T18:41:40","guid":{"rendered":"https:\/\/abinox-chr-clim.com\/index.php\/product\/tapis-dentree-gris-acier-jantex-900-x-600mm\/"},"modified":"2026-04-20T09:06:41","modified_gmt":"2026-04-20T07:06:41","slug":"tapis-dentree-gris-acier-jantex-900-x-600mm","status":"publish","type":"product","link":"https:\/\/abinox-chr-clim.com\/index.php\/product\/tapis-dentree-gris-acier-jantex-900-x-600mm\/","title":{"rendered":"Tapis d&rsquo;entr\u00e9e gris acier Jantex 900 x 600mm"},"content":{"rendered":"<p>Tapis d&rsquo;entr\u00e9e gris durables et r\u00e9sistants avec surface antid\u00e9rapante. Deux dimensions disponibles. Lavables.<br \/>Le dessus en tissu \u00e9limine les liquides et les d\u00e9bris des chaussures des clients. Aide \u00e0 garder les sols propres, r\u00e9duisant les t\u00e2ches de nettoyage. La base antid\u00e9rapante emp\u00eache le tapis de bouger lorsqu&rsquo;il est utilis\u00e9. Le fond antid\u00e9rapant aide \u00e9galement \u00e0 pr\u00e9venir les glissades et les chutes pour assurer la s\u00e9curit\u00e9 des clients et du personnel. Hautement durable pour une utilisation \u00e0 long terme dans les environnements professionnels. Conception facile \u00e0 nettoyer pour permettre au personnel de maintenir un sol hygi\u00e9nique. \u00c9paisseur du fond en PVC : 1,2 mm.Le dessus en tissu \u00e9limine les liquides et les d\u00e9bris des chaussures des clients.<\/p>\n<p>Caract\u00e9ristiques :<br \/> Dimensions : 900(L) x 600(L) mm.<br \/> Mati\u00e8re : .<br \/> Couleur : Acier.<\/p>\n","protected":false},"excerpt":{"rendered":"<p>Tapis d&rsquo;entr\u00e9e gris acier Jantex 900 x 600mm<\/p>\n","protected":false},"featured_media":101717,"comment_status":"closed","ping_status":"closed","template":"","meta":[],"product_brand":[],"product_cat":[1297,1137,1134,1106],"product_tag":[],"class_list":{"0":"post-71376","1":"product","2":"type-product","3":"status-publish","4":"has-post-thumbnail","6":"product_cat-non-palettisable","7":"product_cat-reception","8":"product_cat-reception-hotellerie","9":"product_cat-restaurant-bar-et-hotel","10":"product_shipping_class-free-shipping","12":"first","13":"instock","14":"featured","15":"taxable","16":"shipping-taxable","17":"purchasable","18":"product-type-simple"},"_links":{"self":[{"href":"https:\/\/abinox-chr-clim.com\/index.php\/wp-json\/wp\/v2\/product\/71376","targetHints":{"allow":["GET"]}}],"collection":[{"href":"https:\/\/abinox-chr-clim.com\/index.php\/wp-json\/wp\/v2\/product"}],"about":[{"href":"https:\/\/abinox-chr-clim.com\/index.php\/wp-json\/wp\/v2\/types\/product"}],"replies":[{"embeddable":true,"href":"https:\/\/abinox-chr-clim.com\/index.php\/wp-json\/wp\/v2\/comments?post=71376"}],"wp:featuredmedia":[{"embeddable":true,"href":"https:\/\/abinox-chr-clim.com\/index.php\/wp-json\/wp\/v2\/media\/101717"}],"wp:attachment":[{"href":"https:\/\/abinox-chr-clim.com\/index.php\/wp-json\/wp\/v2\/media?parent=71376"}],"wp:term":[{"taxonomy":"product_brand","embeddable":true,"href":"https:\/\/abinox-chr-clim.com\/index.php\/wp-json\/wp\/v2\/product_brand?post=71376"},{"taxonomy":"product_cat","embeddable":true,"href":"https:\/\/abinox-chr-clim.com\/index.php\/wp-json\/wp\/v2\/product_cat?post=71376"},{"taxonomy":"product_tag","embeddable":true,"href":"https:\/\/abinox-chr-clim.com\/index.php\/wp-json\/wp\/v2\/product_tag?post=71376"}],"curies":[{"name":"wp","href":"https:\/\/api.w.org\/{rel}","templated":true}]}}