{"id":71374,"date":"2024-03-22T19:41:40","date_gmt":"2024-03-22T18:41:40","guid":{"rendered":"https:\/\/abinox-chr-clim.com\/index.php\/product\/chariot-a-bagages-bolero\/"},"modified":"2026-04-20T08:48:35","modified_gmt":"2026-04-20T06:48:35","slug":"chariot-a-bagages-bolero","status":"publish","type":"product","link":"https:\/\/abinox-chr-clim.com\/index.php\/product\/chariot-a-bagages-bolero\/","title":{"rendered":"Chariot \u00e0 bagages Bolero"},"content":{"rendered":"<p>Chariot en acier inoxydable bross\u00e9 contemporain et \u00e9l\u00e9gant, id\u00e9al pour une utilisation dans les zones publiques. Grande capacit\u00e9 de chargement pour un transport ais\u00e9 des bagages lourds avec ses quatre roues, dont 2 roues pivotantes et 2 roues fixes. Base recouverte de moquette grise et pare-chocs de protection pour les bagages.<br \/>Finition en acier inoxydable bross\u00e9. Charge maximale 350 kg. Portant. Fourni en kit pour un assemblage facile. .Finition en acier inoxydable bross\u00e9.<\/p>\n<p>Caract\u00e9ristiques :<br \/> Capacit\u00e9 : 85,2 cl.<br \/> Dimensions : 1910(H) x 1120(L) x 610(P) mm.<br \/> Mati\u00e8re : Acier inoxydable 18\/8.<br \/> Couleur : Acier inoxydable.<\/p>\n","protected":false},"excerpt":{"rendered":"<p>Chariot \u00e0 bagages Bolero<\/p>\n","protected":false},"featured_media":82568,"comment_status":"closed","ping_status":"closed","template":"","meta":[],"product_brand":[],"product_cat":[1296,1137,1134,1106],"product_tag":[],"class_list":{"0":"post-71374","1":"product","2":"type-product","3":"status-publish","4":"has-post-thumbnail","6":"product_cat-palettisable","7":"product_cat-reception","8":"product_cat-reception-hotellerie","9":"product_cat-restaurant-bar-et-hotel","11":"first","12":"instock","13":"featured","14":"taxable","15":"shipping-taxable","16":"purchasable","17":"product-type-simple"},"_links":{"self":[{"href":"https:\/\/abinox-chr-clim.com\/index.php\/wp-json\/wp\/v2\/product\/71374","targetHints":{"allow":["GET"]}}],"collection":[{"href":"https:\/\/abinox-chr-clim.com\/index.php\/wp-json\/wp\/v2\/product"}],"about":[{"href":"https:\/\/abinox-chr-clim.com\/index.php\/wp-json\/wp\/v2\/types\/product"}],"replies":[{"embeddable":true,"href":"https:\/\/abinox-chr-clim.com\/index.php\/wp-json\/wp\/v2\/comments?post=71374"}],"wp:featuredmedia":[{"embeddable":true,"href":"https:\/\/abinox-chr-clim.com\/index.php\/wp-json\/wp\/v2\/media\/82568"}],"wp:attachment":[{"href":"https:\/\/abinox-chr-clim.com\/index.php\/wp-json\/wp\/v2\/media?parent=71374"}],"wp:term":[{"taxonomy":"product_brand","embeddable":true,"href":"https:\/\/abinox-chr-clim.com\/index.php\/wp-json\/wp\/v2\/product_brand?post=71374"},{"taxonomy":"product_cat","embeddable":true,"href":"https:\/\/abinox-chr-clim.com\/index.php\/wp-json\/wp\/v2\/product_cat?post=71374"},{"taxonomy":"product_tag","embeddable":true,"href":"https:\/\/abinox-chr-clim.com\/index.php\/wp-json\/wp\/v2\/product_tag?post=71374"}],"curies":[{"name":"wp","href":"https:\/\/api.w.org\/{rel}","templated":true}]}}