{"id":71373,"date":"2024-03-22T19:41:39","date_gmt":"2024-03-22T18:41:39","guid":{"rendered":"https:\/\/abinox-chr-clim.com\/index.php\/product\/presentoir-porte-brochures-a4\/"},"modified":"2026-04-20T08:43:44","modified_gmt":"2026-04-20T06:43:44","slug":"presentoir-porte-brochures-a4","status":"publish","type":"product","link":"https:\/\/abinox-chr-clim.com\/index.php\/product\/presentoir-porte-brochures-a4\/","title":{"rendered":"Pr\u00e9sentoir porte-brochures A4"},"content":{"rendered":"<p>A poser ou fixer au mur. Id\u00e9al pour mettre \u00e0 la disposition de vos clients menus, cartes de visite, brochures des attractions locales, etc, \u00e0 la r\u00e9ception ou dans les chambres.<br \/>A poser ou fixer au mur. Peut contenir 35 brochures. Format A4. Design robuste. Id\u00e9al pour les h\u00f4tels, chambres d&rsquo;h\u00f4tes et tous comptoirs touristiques.  A poser ou fixer au mur.<\/p>\n<p>Caract\u00e9ristiques :<br \/> Capacit\u00e9 : 35.<br \/> Dimensions : 292(H) x 216(L) x 90(P) mm.<\/p>\n","protected":false},"excerpt":{"rendered":"<p>Pr\u00e9sentoir porte-brochures A4<\/p>\n","protected":false},"featured_media":103278,"comment_status":"closed","ping_status":"closed","template":"","meta":[],"product_brand":[],"product_cat":[1297,1137,1134,1106],"product_tag":[],"class_list":{"0":"post-71373","1":"product","2":"type-product","3":"status-publish","4":"has-post-thumbnail","6":"product_cat-non-palettisable","7":"product_cat-reception","8":"product_cat-reception-hotellerie","9":"product_cat-restaurant-bar-et-hotel","10":"product_shipping_class-free-shipping","12":"first","13":"instock","14":"featured","15":"taxable","16":"shipping-taxable","17":"purchasable","18":"product-type-simple"},"_links":{"self":[{"href":"https:\/\/abinox-chr-clim.com\/index.php\/wp-json\/wp\/v2\/product\/71373","targetHints":{"allow":["GET"]}}],"collection":[{"href":"https:\/\/abinox-chr-clim.com\/index.php\/wp-json\/wp\/v2\/product"}],"about":[{"href":"https:\/\/abinox-chr-clim.com\/index.php\/wp-json\/wp\/v2\/types\/product"}],"replies":[{"embeddable":true,"href":"https:\/\/abinox-chr-clim.com\/index.php\/wp-json\/wp\/v2\/comments?post=71373"}],"wp:featuredmedia":[{"embeddable":true,"href":"https:\/\/abinox-chr-clim.com\/index.php\/wp-json\/wp\/v2\/media\/103278"}],"wp:attachment":[{"href":"https:\/\/abinox-chr-clim.com\/index.php\/wp-json\/wp\/v2\/media?parent=71373"}],"wp:term":[{"taxonomy":"product_brand","embeddable":true,"href":"https:\/\/abinox-chr-clim.com\/index.php\/wp-json\/wp\/v2\/product_brand?post=71373"},{"taxonomy":"product_cat","embeddable":true,"href":"https:\/\/abinox-chr-clim.com\/index.php\/wp-json\/wp\/v2\/product_cat?post=71373"},{"taxonomy":"product_tag","embeddable":true,"href":"https:\/\/abinox-chr-clim.com\/index.php\/wp-json\/wp\/v2\/product_tag?post=71373"}],"curies":[{"name":"wp","href":"https:\/\/api.w.org\/{rel}","templated":true}]}}