{"id":71336,"date":"2024-03-22T19:41:21","date_gmt":"2024-03-22T18:41:21","guid":{"rendered":"https:\/\/abinox-chr-clim.com\/index.php\/product\/seche-cheveux-avec-poignee-pliable-tristar-2000-w\/"},"modified":"2026-01-12T09:03:09","modified_gmt":"2026-01-12T08:03:09","slug":"seche-cheveux-avec-poignee-pliable-tristar-2000-w","status":"publish","type":"product","link":"https:\/\/abinox-chr-clim.com\/index.php\/product\/seche-cheveux-avec-poignee-pliable-tristar-2000-w\/","title":{"rendered":"S\u00e8che-cheveux avec poign\u00e9e pliable Tristar 2000 W"},"content":{"rendered":"<p>S\u00e9chez et coiffez vos cheveux plus rapidement que jamais gr\u00e2ce \u00e0 une puissance de 2 000 watts.D\u00e9placez-vous librement gr\u00e2ce au cordon d&rsquo;alimentation flexible de 1,7 m\u00e8tre. Une meilleure adh\u00e9rence gr\u00e2ce \u00e0 la finition en caoutchouc. Fonction ionique. Plusieurs r\u00e9glages de vitesse et de temp\u00e9rature.S\u00e9chez et coiffez vos cheveux plus rapidement que jamais gr\u00e2ce \u00e0 une puissance de 2 000 watts.<\/p>\n<p>Caract\u00e9ristiques :<br \/> Dimensions : 230(H) x 440(L) x 95(P) mm.<br \/> Mati\u00e8re : Plastique.<br \/> Couleur : Noir.<\/p>\n","protected":false},"excerpt":{"rendered":"<p>S\u00e8che-cheveux avec poign\u00e9e pliable Tristar 2000 W<\/p>\n","protected":false},"featured_media":0,"comment_status":"closed","ping_status":"closed","template":"","meta":[],"product_brand":[],"product_cat":[1297,1134,1106],"product_tag":[],"class_list":{"0":"post-71336","1":"product","2":"type-product","3":"status-publish","5":"product_cat-non-palettisable","6":"product_cat-reception-hotellerie","7":"product_cat-restaurant-bar-et-hotel","8":"product_shipping_class-free-shipping","10":"first","11":"outofstock","12":"featured","13":"taxable","14":"shipping-taxable","15":"purchasable","16":"product-type-simple"},"_links":{"self":[{"href":"https:\/\/abinox-chr-clim.com\/index.php\/wp-json\/wp\/v2\/product\/71336","targetHints":{"allow":["GET"]}}],"collection":[{"href":"https:\/\/abinox-chr-clim.com\/index.php\/wp-json\/wp\/v2\/product"}],"about":[{"href":"https:\/\/abinox-chr-clim.com\/index.php\/wp-json\/wp\/v2\/types\/product"}],"replies":[{"embeddable":true,"href":"https:\/\/abinox-chr-clim.com\/index.php\/wp-json\/wp\/v2\/comments?post=71336"}],"wp:attachment":[{"href":"https:\/\/abinox-chr-clim.com\/index.php\/wp-json\/wp\/v2\/media?parent=71336"}],"wp:term":[{"taxonomy":"product_brand","embeddable":true,"href":"https:\/\/abinox-chr-clim.com\/index.php\/wp-json\/wp\/v2\/product_brand?post=71336"},{"taxonomy":"product_cat","embeddable":true,"href":"https:\/\/abinox-chr-clim.com\/index.php\/wp-json\/wp\/v2\/product_cat?post=71336"},{"taxonomy":"product_tag","embeddable":true,"href":"https:\/\/abinox-chr-clim.com\/index.php\/wp-json\/wp\/v2\/product_tag?post=71336"}],"curies":[{"name":"wp","href":"https:\/\/api.w.org\/{rel}","templated":true}]}}