{"id":71322,"date":"2024-03-22T19:41:16","date_gmt":"2024-03-22T18:41:16","guid":{"rendered":"https:\/\/abinox-chr-clim.com\/index.php\/product\/plateau-self-service-olympia-kristallon-305-x-415mm-noir\/"},"modified":"2026-04-15T09:15:05","modified_gmt":"2026-04-15T07:15:05","slug":"plateau-self-service-olympia-kristallon-305-x-415mm-noir","status":"publish","type":"product","link":"https:\/\/abinox-chr-clim.com\/index.php\/product\/plateau-self-service-olympia-kristallon-305-x-415mm-noir\/","title":{"rendered":"Plateau self-service Olympia Kristallon 305 x 415mm noir"},"content":{"rendered":"<p>Surface antid\u00e9rapante. Polypropyl\u00e8ne facile \u00e0 nettoyer, compatible lave-vaisselle. Vendus \u00e0 l&rsquo;unit\u00e9. Existent en 3 dimensions et 8 couleurs diff\u00e9rentes.<br \/>Surface textur\u00e9e aidant \u00e0 pr\u00e9venir les glissements et les d\u00e9versements. Les coins arrondis et le mat\u00e9riau en polypropyl\u00e8ne permettent un nettoyage facile. Construction robuste en polypropyl\u00e8ne qui r\u00e9siste \u00e0 la flexion lors du transport d&rsquo;objets lourds. Ce mat\u00e9riau en polypropyl\u00e8ne durable assure \u00e9galement une longue dur\u00e9e de vie.Le mat\u00e9riau non poreux rend le plateau facile \u00e0 nettoyer, r\u00e9sistant aux taches et aux odeurs.Grande surface offrant aux clients beaucoup d&rsquo;espace pour la nourriture, les boissons et les couverts. Les plateaux peuvent \u00eatre empil\u00e9s pour un rangement peu encombrant. La couleur noire donne au plateau un look \u00e9l\u00e9gant et \u00e9pur\u00e9. Ce plateau polyvalent est id\u00e9al pour les restaurants de restauration rapide, les cantines et les salles \u00e0 manger des \u00e9coles. Passe au lave-vaisselle. Vendu \u00e0 l&rsquo;unit\u00e9. Surface textur\u00e9e aidant \u00e0 pr\u00e9venir les glissements et les d\u00e9versements.<\/p>\n<p>Caract\u00e9ristiques :<br \/> Dimensions : 20(H) x 415(L) x 305(P) mm.<br \/> Mati\u00e8re : Polypropyl\u00e8ne.<br \/> Couleur : Noir.<\/p>\n","protected":false},"excerpt":{"rendered":"<p>Plateau self-service Olympia Kristallon 305 x 415mm noir<\/p>\n","protected":false},"featured_media":100415,"comment_status":"closed","ping_status":"closed","template":"","meta":[],"product_brand":[],"product_cat":[1297,1127,1106,1133],"product_tag":[],"class_list":{"0":"post-71322","1":"product","2":"type-product","3":"status-publish","4":"has-post-thumbnail","6":"product_cat-non-palettisable","7":"product_cat-plateaux-de-service","8":"product_cat-restaurant-bar-et-hotel","9":"product_cat-self-service","10":"product_shipping_class-free-shipping","12":"first","13":"instock","14":"featured","15":"taxable","16":"shipping-taxable","17":"purchasable","18":"product-type-simple"},"_links":{"self":[{"href":"https:\/\/abinox-chr-clim.com\/index.php\/wp-json\/wp\/v2\/product\/71322","targetHints":{"allow":["GET"]}}],"collection":[{"href":"https:\/\/abinox-chr-clim.com\/index.php\/wp-json\/wp\/v2\/product"}],"about":[{"href":"https:\/\/abinox-chr-clim.com\/index.php\/wp-json\/wp\/v2\/types\/product"}],"replies":[{"embeddable":true,"href":"https:\/\/abinox-chr-clim.com\/index.php\/wp-json\/wp\/v2\/comments?post=71322"}],"wp:featuredmedia":[{"embeddable":true,"href":"https:\/\/abinox-chr-clim.com\/index.php\/wp-json\/wp\/v2\/media\/100415"}],"wp:attachment":[{"href":"https:\/\/abinox-chr-clim.com\/index.php\/wp-json\/wp\/v2\/media?parent=71322"}],"wp:term":[{"taxonomy":"product_brand","embeddable":true,"href":"https:\/\/abinox-chr-clim.com\/index.php\/wp-json\/wp\/v2\/product_brand?post=71322"},{"taxonomy":"product_cat","embeddable":true,"href":"https:\/\/abinox-chr-clim.com\/index.php\/wp-json\/wp\/v2\/product_cat?post=71322"},{"taxonomy":"product_tag","embeddable":true,"href":"https:\/\/abinox-chr-clim.com\/index.php\/wp-json\/wp\/v2\/product_tag?post=71322"}],"curies":[{"name":"wp","href":"https:\/\/api.w.org\/{rel}","templated":true}]}}